{"id":10966,"date":"2022-09-24T02:40:23","date_gmt":"2022-09-24T00:40:23","guid":{"rendered":"https:\/\/slovak.linguarte.sk\/jazykove-kurzy\/kurzy-slovenciny-pre-firmy\/"},"modified":"2023-08-17T20:46:32","modified_gmt":"2023-08-17T18:46:32","slug":"slovak-courses-for-companies","status":"publish","type":"page","link":"https:\/\/slovak.linguarte.sk\/en\/language-courses\/slovak-courses-for-companies\/","title":{"rendered":"Slovak Courses for Companies"},"content":{"rendered":"<p>[vc_row css=&#8221;.vc_custom_1663979850818{padding-top: 100px !important;}&#8221;][vc_column width=&#8221;1\/2&#8243;][vc_column_text]Slovak lessons for companies<\/p>\n<p>The competitiveness of companies depends on the preparation of their employees in essential areas such as language learning.<\/p>\n<p>Our Slovak for Companies program trains people who need to learn the Slovak language as a tool for their professional work.<\/p>\n<p>This program facilitates interaction between co-workers in a friendly, professional environment with guaranteed results.[\/vc_column_text][\/vc_column][vc_column width=&#8221;1\/2&#8243;][vc_single_image image=&#8221;10432&#8243; img_size=&#8221;full&#8221;][\/vc_column][\/vc_row][vc_row css=&#8221;.vc_custom_1669863600430{padding-top: 60px !important;}&#8221;][vc_column][vc_custom_heading text=&#8221;CONTACT US&#8221; font_container=&#8221;tag:h2|text_align:center|line_height:150%25&#8243; use_theme_fonts=&#8221;yes&#8221; el_class=&#8221;unique-letter-spacing&#8221;][\/vc_column][\/vc_row][vc_row css=&#8221;.vc_custom_1669867235824{padding-top: 60px !important;padding-bottom: 30px !important;}&#8221;][vc_column width=&#8221;1\/3&#8243;]<div class=\"aio-icon-component   customheading style_1\"><div id=\"Info-box-wrap-3177\" class=\"aio-icon-box top-icon\" style=\"\"  ><div class=\"aio-icon-top\"><div class=\"ult-just-icon-wrapper  \"><div class=\"align-icon\" style=\"text-align:center;\">\n<div class=\"aio-icon circle \"  style=\"color:#ffffff;background:#00837f;font-size:42px;display:inline-block;\">\n\t<i class=\"Defaults-phone\"><\/i>\n<\/div><\/div><\/div><\/div><div class=\"aio-icon-header\" ><h3 class=\"aio-icon-title ult-responsive\"  data-ultimate-target='#Info-box-wrap-3177 .aio-icon-title'  data-responsive-json-new='{\"font-size\":\"\",\"line-height\":\"\"}'  style=\"\">CALL US<\/h3><\/div> <!-- header --><div class=\"aio-icon-description ult-responsive\"  data-ultimate-target='#Info-box-wrap-3177 .aio-icon-description'  data-responsive-json-new='{\"font-size\":\"\",\"line-height\":\"\"}'  style=\"\">Skype: linguarte.linguarte<br \/>\nPhone: + 421 908 859 404<\/div> <!-- description --><\/div> <!-- aio-icon-box --><\/div> <!-- aio-icon-component -->[\/vc_column][vc_column width=&#8221;1\/3&#8243;]<div class=\"aio-icon-component   customheading style_1\"><div id=\"Info-box-wrap-6414\" class=\"aio-icon-box top-icon\" style=\"\"  ><div class=\"aio-icon-top\"><div class=\"ult-just-icon-wrapper  \"><div class=\"align-icon\" style=\"text-align:center;\">\n<div class=\"aio-icon circle \"  style=\"color:#ffffff;background:#00837f;font-size:42px;display:inline-block;\">\n\t<i class=\"Defaults-envelope-o\"><\/i>\n<\/div><\/div><\/div><\/div><div class=\"aio-icon-header\" ><h3 class=\"aio-icon-title ult-responsive\"  data-ultimate-target='#Info-box-wrap-6414 .aio-icon-title'  data-responsive-json-new='{\"font-size\":\"\",\"line-height\":\"\"}'  style=\"\">TEXT US<\/h3><\/div> <!-- header --><div class=\"aio-icon-description ult-responsive\"  data-ultimate-target='#Info-box-wrap-6414 .aio-icon-description'  data-responsive-json-new='{\"font-size\":\"\",\"line-height\":\"\"}'  style=\"\">E-mail: contact@linguarte.sk<br \/>\nFacebook: <a href=\"https:\/\/www.facebook.com\/linguartesk\/?locale=es_LA\">facebook.com\/linguartesk<\/a><\/p>\n<p>Instagram: <a href=\"https:\/\/www.instagram.com\/linguarte\/\">@linguartesk<\/a><\/div> <!-- description --><\/div> <!-- aio-icon-box --><\/div> <!-- aio-icon-component -->[\/vc_column][vc_column width=&#8221;1\/3&#8243;]<div class=\"aio-icon-component   customheading style_1\"><div id=\"Info-box-wrap-4435\" class=\"aio-icon-box top-icon\" style=\"\"  ><div class=\"aio-icon-top\"><div class=\"ult-just-icon-wrapper  \"><div class=\"align-icon\" style=\"text-align:center;\">\n<div class=\"aio-icon circle \"  style=\"color:#ffffff;background:#00837f;font-size:42px;display:inline-block;\">\n\t<i class=\"Defaults-map-marker\"><\/i>\n<\/div><\/div><\/div><\/div><div class=\"aio-icon-header\" ><h3 class=\"aio-icon-title ult-responsive\"  data-ultimate-target='#Info-box-wrap-4435 .aio-icon-title'  data-responsive-json-new='{\"font-size\":\"\",\"line-height\":\"\"}'  style=\"\">ADDRESS<\/h3><\/div> <!-- header --><div class=\"aio-icon-description ult-responsive\"  data-ultimate-target='#Info-box-wrap-4435 .aio-icon-description'  data-responsive-json-new='{\"font-size\":\"\",\"line-height\":\"\"}'  style=\"\">Michalsk\u00e1 18-20<br \/>\n811 01\u00a0 Bratislava<\/div> <!-- description --><\/div> <!-- aio-icon-box --><\/div> <!-- aio-icon-component -->[\/vc_column][\/vc_row][vc_row bg_type=&#8221;bg_color&#8221; bg_override=&#8221;full&#8221; css=&#8221;.vc_custom_1673838553514{padding-top: 30px !important;padding-bottom: 30px !important;}&#8221; bg_color_value=&#8221;#fafafa&#8221;][vc_column][vc_custom_heading text=&#8221;ADVANTAGES OF OUR COURSES&#8221; font_container=&#8221;tag:h2|text_align:center|line_height:150%25&#8243; use_theme_fonts=&#8221;yes&#8221; el_class=&#8221;unique-letter-spacing&#8221;][\/vc_column][\/vc_row][vc_row bg_type=&#8221;bg_color&#8221; bg_override=&#8221;full&#8221; css=&#8221;.vc_custom_1673838536306{padding-top: 30px !important;padding-bottom: 60px !important;}&#8221; bg_color_value=&#8221;#fafafa&#8221;][vc_column width=&#8221;1\/2&#8243;][vc_custom_heading text=&#8221;Unique program for the company&#8221; font_container=&#8221;tag:h3|font_size:18|text_align:left|line_height:150%25&#8243; use_theme_fonts=&#8221;yes&#8221; el_class=&#8221;unique-letter-spacing&#8221;][vc_empty_space height=&#8221;30&#8243;][vc_column_text]Our Slovak classes are tailored to the unique needs of each company.<\/p>\n<p>We create a personalized Slovak program according to the topics and objectives of the company.[\/vc_column_text][vc_empty_space height=&#8221;60&#8243;][vc_custom_heading text=&#8221;Demo\/Test Class&#8221; font_container=&#8221;tag:h3|font_size:18px|text_align:left|line_height:150%25&#8243; use_theme_fonts=&#8221;yes&#8221; el_class=&#8221;unique-letter-spacing&#8221;][vc_empty_space height=&#8221;30&#8243;][vc_column_text]Slovak courses for companies include a free demo lesson.<\/p>\n<p>In this free Slovak lesson, the level of the participants is evaluated.<\/p>\n<p>In the demo class it is also shown how our teaching methodology works.[\/vc_column_text][vc_empty_space height=&#8221;60&#8243;][vc_custom_heading text=&#8221;Regular knowledge monitoring&#8221; font_container=&#8221;tag:h3|font_size:18px|text_align:left|line_height:150%25&#8243; use_theme_fonts=&#8221;yes&#8221; el_class=&#8221;unique-letter-spacing&#8221;][vc_empty_space height=&#8221;30&#8243;][vc_column_text]Our teachers and team supervise the fulfilment of the objectives of the courses.<\/p>\n<p>This monitoring ensures student progress in each class.<\/p>\n<p>The company has continuous access to this information and can check weekly the progress of each Slovak lesson.[\/vc_column_text][\/vc_column][vc_column width=&#8221;1\/2&#8243;][vc_custom_heading text=&#8221;Progress Assessment&#8221; font_container=&#8221;tag:h3|font_size:18px|text_align:left|line_height:150%25&#8243; use_theme_fonts=&#8221;yes&#8221; el_class=&#8221;unique-letter-spacing&#8221;][vc_empty_space height=&#8221;30&#8243;][vc_column_text]Our school conducts exams during and at the end of each course.<\/p>\n<p>Each participant of the Slovak classes is tested to determine the progress.<\/p>\n<p>At the end of each course, a performance report is delivered to the company.[\/vc_column_text][vc_empty_space height=&#8221;60&#8243;][vc_custom_heading text=&#8221;Flexible schedules and formats&#8221; font_container=&#8221;tag:h3|font_size:18px|text_align:left|line_height:150%25&#8243; use_theme_fonts=&#8221;yes&#8221; el_class=&#8221;unique-letter-spacing&#8221;][vc_empty_space height=&#8221;30&#8243;][vc_column_text]Our Slovak courses are flexible according to the needs of the company.<\/p>\n<p>Slovak classes can be in the morning or in the afternoon.<\/p>\n<p>They can also be face-to-face at the company&#8217;s offices or online.[\/vc_column_text][\/vc_column][\/vc_row][vc_row bg_type=&#8221;bg_color&#8221; bg_override=&#8221;full&#8221; bg_color_value=&#8221;#fafafa&#8221; css=&#8221;.vc_custom_1669847847359{padding-top: 30px !important;padding-bottom: 60px !important;}&#8221;][vc_column][vc_custom_heading text=&#8221;OUR SLOVAK TEACHERS&#8221; font_container=&#8221;tag:h2|text_align:center|line_height:150%25&#8243; use_theme_fonts=&#8221;yes&#8221; el_class=&#8221;unique-letter-spacing&#8221;][vc_empty_space height=&#8221;30px&#8221;][vc_row_inner][vc_column_inner width=&#8221;1\/4&#8243;][\/vc_column_inner][vc_column_inner width=&#8221;1\/2&#8243;][vc_column_text]<\/p>\n<p style=\"text-align: center;\">Our teachers have a lot of experience teaching Slovak and they share something very important, a great motivation and a desire to teach you to converse and give you a cultural experience with the language.<\/p>\n<p>[\/vc_column_text][\/vc_column_inner][vc_column_inner width=&#8221;1\/4&#8243;][\/vc_column_inner][\/vc_row_inner][vc_empty_space height=&#8221;60&#8243;]<div id=\"ult-carousel-280483019869ecf27ecf78c\" class=\"ult-carousel-wrapper   ult_horizontal\" data-gutter=\"15\" data-rtl=\"false\" ><div class=\"ult-carousel-277575236069ecf27ecf631 \" ><div class=\"aio-icon-component    style_1\"><div id=\"Info-box-wrap-6467\" class=\"aio-icon-box top-icon\" style=\"\"  ><div class=\"aio-icon-top\"><div class=\"ult-just-icon-wrapper  \"><div class=\"align-icon\" style=\"text-align:center;\">\n<div class=\"aio-icon-img \" style=\"font-size:180px;display:inline-block;\" >\n\t<img class=\"img-icon\" alt=\"null\" src=\"https:\/\/slovak.linguarte.sk\/wp-content\/uploads\/2020\/10\/Kristina2sq.jpg\"\/>\n<\/div><\/div><\/div><\/div><div class=\"aio-icon-header\" ><h3 class=\"aio-icon-title ult-responsive\"  data-ultimate-target='#Info-box-wrap-6467 .aio-icon-title'  data-responsive-json-new='{\"font-size\":\"\",\"line-height\":\"\"}'  style=\"font-family:&#039;Raleway&#039;;font-weight:600;\">KRIST\u00cdNA<\/h3><\/div> <!-- header --><div class=\"aio-icon-description ult-responsive\"  data-ultimate-target='#Info-box-wrap-6467 .aio-icon-description'  data-responsive-json-new='{\"font-size\":\"\",\"line-height\":\"\"}'  style=\"font-family:&#039;Open Sans&#039;;\">She is a Slovak language teacher with many years of experience. She thinks the teacher has a very important role giving attention, passion and fun to the students. So the learning process will be faster and very successful:<\/p>\n<p>&#8220;I love teaching, because I love my language. Also I like having fun when teaching it.&#8221;<\/div> <!-- description --><\/div> <!-- aio-icon-box --><\/div> <!-- aio-icon-component --><div class=\"aio-icon-component    style_1\"><div id=\"Info-box-wrap-1267\" class=\"aio-icon-box top-icon\" style=\"\"  ><div class=\"aio-icon-top\"><div class=\"ult-just-icon-wrapper  \"><div class=\"align-icon\" style=\"text-align:center;\">\n<div class=\"aio-icon-img \" style=\"font-size:180px;display:inline-block;\" >\n\t<img class=\"img-icon\" alt=\"null\" src=\"https:\/\/slovak.linguarte.sk\/wp-content\/uploads\/2022\/11\/PHOTOASIA-sq.jpg\"\/>\n<\/div><\/div><\/div><\/div><div class=\"aio-icon-header\" ><h3 class=\"aio-icon-title ult-responsive\"  data-ultimate-target='#Info-box-wrap-1267 .aio-icon-title'  data-responsive-json-new='{\"font-size\":\"\",\"line-height\":\"\"}'  style=\"font-family:&#039;Raleway&#039;;font-weight:600;color:#2e2e2e;\">\u00c1SIA<\/h3><\/div> <!-- header --><div class=\"aio-icon-description ult-responsive\"  data-ultimate-target='#Info-box-wrap-1267 .aio-icon-description'  data-responsive-json-new='{\"font-size\":\"\",\"line-height\":\"\"}'  style=\"font-family:&#039;Open Sans&#039;;\">Je u\u010dite\u013ekou sloven\u010diny s dlhoro\u010dnou praxou. Ver\u00ed, \u017ee u\u010dite\u013e m\u00e1 z\u00e1sadn\u00fa \u00falohu pri poskytovan\u00ed pozornosti, v\u00e1\u0161ne a z\u00e1bavy \u0161tudentom. Proces u\u010denia tak bude r\u00fdchlej\u0161\u00ed a \u00faspe\u0161nej\u0161\u00ed:<\/p>\n<p>\u201eR\u00e1d u\u010d\u00edm, preto\u017ee milujem svoj jazyk. Navy\u0161e to milujem a je z\u00e1bavn\u00e9 to u\u010di\u0165.\u201c<\/div> <!-- description --><\/div> <!-- aio-icon-box --><\/div> <!-- aio-icon-component --><div class=\"aio-icon-component    style_1\"><div id=\"Info-box-wrap-9235\" class=\"aio-icon-box top-icon\" style=\"\"  ><div class=\"aio-icon-top\"><div class=\"ult-just-icon-wrapper  \"><div class=\"align-icon\" style=\"text-align:center;\">\n<div class=\"aio-icon-img \" style=\"font-size:180px;display:inline-block;\" >\n\t<img class=\"img-icon\" alt=\"null\" src=\"https:\/\/slovak.linguarte.sk\/wp-content\/uploads\/2022\/11\/Lubo-sq.jpg\"\/>\n<\/div><\/div><\/div><\/div><div class=\"aio-icon-header\" ><h3 class=\"aio-icon-title ult-responsive\"  data-ultimate-target='#Info-box-wrap-9235 .aio-icon-title'  data-responsive-json-new='{\"font-size\":\"\",\"line-height\":\"\"}'  style=\"font-family:&#039;Raleway&#039;;font-weight:600;color:#2e2e2e;\">\u013dUBO<\/h3><\/div> <!-- header --><div class=\"aio-icon-description ult-responsive\"  data-ultimate-target='#Info-box-wrap-9235 .aio-icon-description'  data-responsive-json-new='{\"font-size\":\"\",\"line-height\":\"\"}'  style=\"font-family:&#039;Open Sans&#039;;\">learning new things about languages. Also, he likes exercising and spending time with family.<\/p>\n<p>\u201cFor me, teaching is a dream come true. I can meet people from all over the world and it gives me space for self-realization and creativity.\u201d<\/div> <!-- description --><\/div> <!-- aio-icon-box --><\/div> <!-- aio-icon-component --><\/div><\/div>\t\t\t<script type=\"text\/javascript\">\n\t\t\t\tjQuery(document).ready(function ($) {\n\t\t\t\t\tif( typeof jQuery('.ult-carousel-277575236069ecf27ecf631').slick == \"function\"){\n\t\t\t\t\t\t$('.ult-carousel-277575236069ecf27ecf631').slick({dots: true,autoplaySpeed: 5000,speed: 300,infinite: false,arrows: false,slidesToScroll:3,slidesToShow:3,swipe: true,draggable: true,touchMove: true,pauseOnHover: true,pauseOnFocus: false,responsive: [\n\t\t\t\t\t\t\t{\n\t\t\t\t\t\t\t  breakpoint: 1026,\n\t\t\t\t\t\t\t  settings: {\n\t\t\t\t\t\t\t\tslidesToShow: 3,\n\t\t\t\t\t\t\t\tslidesToScroll: 3,  \n\t\t\t\t\t\t\t  }\n\t\t\t\t\t\t\t},\n\t\t\t\t\t\t\t{\n\t\t\t\t\t\t\t  breakpoint: 1025,\n\t\t\t\t\t\t\t  settings: {\n\t\t\t\t\t\t\t\tslidesToShow: 3,\n\t\t\t\t\t\t\t\tslidesToScroll: 3\n\t\t\t\t\t\t\t  }\n\t\t\t\t\t\t\t},\n\t\t\t\t\t\t\t{\n\t\t\t\t\t\t\t  breakpoint: 760,\n\t\t\t\t\t\t\t  settings: {\n\t\t\t\t\t\t\t\tslidesToShow: 1,\n\t\t\t\t\t\t\t\tslidesToScroll: 1\n\t\t\t\t\t\t\t  }\n\t\t\t\t\t\t\t}\n\t\t\t\t\t\t],pauseOnDotsHover: true,customPaging: function(slider, i) {\n                   return '<i type=\"button\" style= \"color:#565656;\" class=\"ultsl-radio-unchecked\" data-role=\"none\"><\/i>';\n                },});\n\t\t\t\t\t}\n\t\t\t\t});\n\t\t\t<\/script>\n\t\t\t[vc_empty_space height=&#8221;30px&#8221;][vc_btn title=&#8221;ABOUT THEM&#8221; style=&#8221;custom&#8221; custom_background=&#8221;#e52812&#8243; custom_text=&#8221;#ffffff&#8221; align=&#8221;center&#8221; css_animation=&#8221;none&#8221; link=&#8221;url:https%3A%2F%2Fslovak.linguarte.sk%2Fen%2Fabout-us%2F%23team|title:Registr%C3%A1cia&#8221; css=&#8221;.vc_custom_1677032657576{padding-right: 10px !important;padding-left: 10px !important;}&#8221;][\/vc_column][\/vc_row][vc_row css=&#8221;.vc_custom_1669842052951{padding-top: 30px !important;padding-bottom: 30px !important;}&#8221;][vc_column][vc_custom_heading text=&#8221;WHAT OUR CLIENTS THINK&#8221; font_container=&#8221;tag:h2|text_align:center|line_height:150%25&#8243; use_theme_fonts=&#8221;yes&#8221; el_class=&#8221;unique-letter-spacing&#8221;][vc_empty_space height=&#8221;30px&#8221;]<div id=\"testimonials-slider-1\" class=\"testimonials-style2 style-dark\"><ul class=\"slides styled-list\" style=\"max-height:750px;\" ><li class=\"testimonials-slide\"><div class=\"testimonials-slide-content container\"><div class=\"img-container\"><img title=\"Bruno Moreno\" src=\"https:\/\/slovak.linguarte.sk\/wp-content\/uploads\/2017\/08\/Bruno.jpeg\" alt=\"Bruno Moreno\"><\/div><div class=\"text-container\"><span class=\"t-author\">Bruno Moreno<\/span><span class=\"testimonials_text_content\">I did an intensive course of Slovak for 3 weeks and I got really nice results and a nice cultural experience. I really recommend it to anyone!<\/span><\/div><\/div><\/li><li class=\"testimonials-slide\"><div class=\"testimonials-slide-content container\"><div class=\"img-container\"><img title=\"Kristina Cve\u010dkov\u00e1\" src=\"https:\/\/slovak.linguarte.sk\/wp-content\/uploads\/2017\/08\/client-kristina-cveckova.jpg\" alt=\"Kristina Cve\u010dkov\u00e1\"><\/div><div class=\"text-container\"><span class=\"t-author\">Kristina Cve\u010dkov\u00e1<\/span><span class=\"testimonials_text_content\">It\u2019s summer and I can speak Spanish on holiday! I started only a while ago taking lessons at Linguarte using its effective teaching method, but can already feel the progress. And the best about it is that it\u2019s fun. At Linguarte you don\u2019t waste time by exercise filling. I really recommend you study with Linguarte<\/span><\/div><\/div><\/li><li class=\"testimonials-slide\"><div class=\"testimonials-slide-content container\"><div class=\"img-container\"><img title=\"Bruno Moreno\" src=\"https:\/\/slovak.linguarte.sk\/wp-content\/uploads\/2017\/08\/Bruno.jpeg\" alt=\"Bruno Moreno\"><\/div><div class=\"text-container\"><span class=\"t-author\">Bruno Moreno<\/span><span class=\"testimonials_text_content\">I did an intensive course of Slovak for 3 weeks and I got really nice results and a nice cultural experience. I really recommend it to anyone!<\/span><\/div><\/div><\/li><\/ul><\/div>\n\t\t\t<script type=\"text\/javascript\">\n\t\t\t  jQuery(document).ready(function(){\n\t\t\t\t\tvar who = jQuery('#testimonials-slider-1 ul.slides');\n\t\t\t\t\n\t\t\t\t\tvar opts = ['slide','horizontal','yes','3500','1000','yes','yes','yes','dark'];\n\t\t\t\t\n\t\t\t\t\tif (opts[2] == 'yes') opts[2] = true; else opts[2] = false;\n\t\t\t\t\tif (opts[5] == 'yes') {\n\t\t\t\t\t\topts[5] = true;\n\t\t\t\t\t} else opts[5] = false;\n\t\t\t\t\tif (opts[6] == 'yes') {\n\t\t\t\t\t\topts[6] = true;\n\t\t\t\t\t} else opts[6] = false;\n\t\t\t\t\tif (opts[7] == 'yes') opts[7] = true; else opts[7] = false;\t\t\t\t\n\t\t\t\t\tif (opts[0] == 'fade') opts[0] = true; else opts[0] = false;\n\t\t\t\t\n\t\t\t\t\twho.slick({\n\t\t\t\t\t\tfade: opts[0],\n\t\t\t\t\t\tdots: opts[6], \n\t\t\t\t\t\tautoplay: opts[2], \n\t\t\t\t\t\tautoplaySpeed:opts[3], speed:opts[4], infinite: true,\n\t\t\t\t\t\tarrows: opts[5],\n\t\t\t\t\t\tadaptiveHeight:true,\n\t\t\t\t\t\tnextArrow:'<button type=\"button\" style=\"color:#333333; font-size:24px;\" class=\"slick-next default\"><i class=\"ultsl-arrow-right6\"><\/i><\/button>',\n\t\t\t\t\t\tprevArrow:'<button type=\"button\" style=\"color:#333333; font-size:24px;\" class=\"slick-prev default\"><i class=\"ultsl-arrow-left6\"><\/i><\/button>',\n\t\t\t\t\t\tswipe:true,\n\t\t\t\t\t\tdraggable:true,\n\t\t\t\t\t\ttouchMove:true,\n\t\t\t\t\t\tslidesToScroll: 1,\n\t\t\t\t\t\tslidesToShow: 1,\n\t\t\t\t\t\tpauseOnHover:opts[7],\n\t\t\t\t\t\tpauseOnDotsHover:opts[7],\n\t\t\t\t\t\tcustomPaging:function(slider,i){\n\t\t\t\t\t\t\treturn'<i type=\"button\" style=\"color:#333333;\" class=\"ultsl-record\" data-role=\"none\"><\/i>';\n\t\t\t\t\t\t}\n\t\t\t\t\t});\n\t\t\t\t\n\t\t\t  });\n\t\t\t  <\/script>[vc_empty_space height=&#8221;60&#8243;][vc_btn title=&#8221;MORE REVIEWS AT OUR FACEBOOK&#8221; style=&#8221;custom&#8221; custom_background=&#8221;#e52812&#8243; custom_text=&#8221;#ffffff&#8221; align=&#8221;center&#8221; css_animation=&#8221;none&#8221; link=&#8221;url:https%3A%2F%2Fwww.facebook.com%2Flinguartesk%2Freviews&#8221; css=&#8221;.vc_custom_1677032703979{padding-right: 10px !important;padding-left: 10px !important;}&#8221;][\/vc_column][\/vc_row][vc_row css=&#8221;.vc_custom_1669842091749{padding-top: 60px !important;padding-bottom: 30px !important;}&#8221;][vc_column][vc_custom_heading text=&#8221;COMPANIES WE COOPERATE WITH&#8221; font_container=&#8221;tag:h2|text_align:center|line_height:150%25&#8243; use_theme_fonts=&#8221;yes&#8221; el_class=&#8221;unique-letter-spacing&#8221;][vc_empty_space height=&#8221;30px&#8221;]<div id=\"partners-1\" class=\"partners-container noscroller\"><div class=\"partner-item col-md-4\" style=\"height: 130px;line-height: 130px;\"><a target=\"_blank\" href=\"http:\/\/www.mufis.sk\/\" ><img title=\"Mufis\" src=\"https:\/\/slovak.linguarte.sk\/wp-content\/uploads\/2019\/01\/LOGO-MUFIS.jpg\" \/><\/a><\/div><div class=\"partner-item col-md-4\" style=\"height: 130px;line-height: 130px;\"><a target=\"_blank\" href=\"http:\/\/granvia.sk\/sk\/\" ><img title=\"Granvia\" src=\"https:\/\/slovak.linguarte.sk\/wp-content\/uploads\/2019\/01\/LOGO-GRANVIA.jpg\" \/><\/a><\/div><div class=\"partner-item col-md-4\" style=\"height: 130px;line-height: 130px;\"><a target=\"_blank\" href=\"https:\/\/www.fonadental.com\/\" ><img title=\"Fona\" src=\"https:\/\/slovak.linguarte.sk\/wp-content\/uploads\/2019\/01\/LOGO-FONA.jpg\" \/><\/a><\/div><\/div><script type=\"text\/javascript\">\n\t\t\t\t\t\tjQuery(document).ready(function(){ jQuery('#partners-1.withtooltip .partner-item a, #partners-1.withtooltip .carousel-item a').tooltip(); });\n\t\t\t\t\t\t<\/script>[\/vc_column][\/vc_row][vc_row equal_height=&#8221;yes&#8221; bg_type=&#8221;bg_color&#8221; bg_override=&#8221;full&#8221; css=&#8221;.vc_custom_1669840915919{padding-top: 60px !important;padding-bottom: 60px !important;}&#8221; bg_color_value=&#8221;#ededed&#8221;][vc_column css=&#8221;.vc_custom_1669840721955{background-position: 0 0 !important;background-repeat: no-repeat !important;}&#8221;][vc_custom_heading text=&#8221;OUR SLOVAK LANGUAGE BLOG&#8221; font_container=&#8221;tag:h2|text_align:center|line_height:150%25&#8243; use_theme_fonts=&#8221;yes&#8221; el_class=&#8221;unique-letter-spacing&#8221;][vc_empty_space height=&#8221;30px&#8221;][vc_custom_heading text=&#8221;Check out our articles where you can learn about food, music, dance, series and destinations in Slovakia.&#8221; font_container=&#8221;tag:div|font_size:18px|text_align:center|line_height:150%25&#8243; use_theme_fonts=&#8221;yes&#8221; el_class=&#8221;unique-letter-spacing&#8221;][vc_empty_space height=&#8221;30px&#8221;][vc_basic_grid post_type=&#8221;post&#8221; max_items=&#8221;3&#8243; grid_id=&#8221;vc_gid:1692297884750-05091606-16a1-7&#8243;][\/vc_column][\/vc_row]<\/p>\n","protected":false},"excerpt":{"rendered":"<p>[vc_row css=&#8221;.vc_custom_1663979850818{padding-top: 100px !important;}&#8221;][vc_column width=&#8221;1\/2&#8243;][vc_column_text]Slovak lessons for companies The competitiveness of companies depends on the preparation of their employees in essential areas such as language learning. Our Slovak for Companies program trains people who need to learn the Slovak language as a tool for their professional work. This program facilitates interaction between co-workers in a [&hellip;]<\/p>\n","protected":false},"author":1,"featured_media":0,"parent":10957,"menu_order":0,"comment_status":"closed","ping_status":"closed","template":"page.php","meta":{"footnotes":""},"_links":{"self":[{"href":"https:\/\/slovak.linguarte.sk\/en\/wp-json\/wp\/v2\/pages\/10966"}],"collection":[{"href":"https:\/\/slovak.linguarte.sk\/en\/wp-json\/wp\/v2\/pages"}],"about":[{"href":"https:\/\/slovak.linguarte.sk\/en\/wp-json\/wp\/v2\/types\/page"}],"author":[{"embeddable":true,"href":"https:\/\/slovak.linguarte.sk\/en\/wp-json\/wp\/v2\/users\/1"}],"replies":[{"embeddable":true,"href":"https:\/\/slovak.linguarte.sk\/en\/wp-json\/wp\/v2\/comments?post=10966"}],"version-history":[{"count":0,"href":"https:\/\/slovak.linguarte.sk\/en\/wp-json\/wp\/v2\/pages\/10966\/revisions"}],"up":[{"embeddable":true,"href":"https:\/\/slovak.linguarte.sk\/en\/wp-json\/wp\/v2\/pages\/10957"}],"wp:attachment":[{"href":"https:\/\/slovak.linguarte.sk\/en\/wp-json\/wp\/v2\/media?parent=10966"}],"curies":[{"name":"wp","href":"https:\/\/api.w.org\/{rel}","templated":true}]}}