{"id":9854,"date":"2020-10-06T03:22:21","date_gmt":"2020-10-06T01:22:21","guid":{"rendered":"https:\/\/slovak.linguarte.sk\/o-nas\/"},"modified":"2023-08-18T16:22:36","modified_gmt":"2023-08-18T14:22:36","slug":"about-us","status":"publish","type":"page","link":"https:\/\/slovak.linguarte.sk\/en\/about-us\/","title":{"rendered":"About us"},"content":{"rendered":"<p>[vc_row css=&#8221;.vc_custom_1669859551993{padding-top: 60px !important;padding-bottom: 30px !important;}&#8221; el_id=&#8221;about&#8221;][vc_column][vc_custom_heading text=&#8221;ABOUT OUR SCHOOL LINGUARTE&#8221; font_container=&#8221;tag:h2|text_align:center|line_height:150%25&#8243; use_theme_fonts=&#8221;yes&#8221; el_class=&#8221;unique-letter-spacing&#8221;][vc_empty_space height=&#8221;30&#8243;][vc_custom_heading text=&#8221;OUR HISTORY&#8221; font_container=&#8221;tag:h3|font_size:18|text_align:center|line_height:150%25&#8243; use_theme_fonts=&#8221;yes&#8221; el_class=&#8221;unique-letter-spacing&#8221;][vc_empty_space height=&#8221;30&#8243;][vc_column_text]The Linguarte School was created seven years ago with a very basic idea:<\/p>\n<p>Change the traditional way of teaching languages \u200b\u200band teach the language to use it in real life conversations.<\/p>\n<p>And in real life, speaking a language is also a cultural experience.<\/p>\n<p>With this philosophy in mind, we realized that we needed to create a method that teaches languages through conversation and cultural contact. This is because traditional books and methods put the focus on writing practices and grammar. For this, we created our own textbook and practices to maximize the cultural and educational experience of our students. In our method, the textbook and the teacher complement each other to create the best conditions for studying and for quick results.<\/p>\n<p>The success of our method and the satisfaction of our students prompted us to open our classroom and continue working to change the way languages \u200b\u200bare taught.[\/vc_column_text][\/vc_column][\/vc_row][vc_row css=&#8221;.vc_custom_1669857885412{padding-top: 30px !important;padding-bottom: 30px !important;}&#8221;][vc_column][vc_custom_heading text=&#8221;OUR MISSION&#8221; font_container=&#8221;tag:h3|font_size:18px|text_align:center|line_height:150%25&#8243; use_theme_fonts=&#8221;yes&#8221; el_class=&#8221;unique-letter-spacing&#8221;][vc_empty_space height=&#8221;30&#8243;][vc_column_text]Linguarte seeks to teach you languages in the most simple and effective way. Teaching you to talk is our passion, not our work. We believe learning a language has to be a pleasant and fun experience.[\/vc_column_text][\/vc_column][\/vc_row][vc_row css=&#8221;.vc_custom_1669857908006{padding-top: 30px !important;padding-bottom: 30px !important;}&#8221;][vc_column][vc_custom_heading text=&#8221;OUR PILLARS&#8221; font_container=&#8221;tag:h3|font_size:18px|text_align:center|line_height:150%25&#8243; use_theme_fonts=&#8221;yes&#8221; el_class=&#8221;unique-letter-spacing&#8221;][vc_empty_space height=&#8221;30&#8243;][vc_column_text]We guarantee you that you will learn because we give you authentic experiences based on three pillars:[\/vc_column_text][\/vc_column][\/vc_row][vc_row bg_type=&#8221;bg_color&#8221; bg_override=&#8221;ex-full&#8221; bg_color_value=&#8221;#ffffff&#8221; css=&#8221;.vc_custom_1669857921848{padding-top: 30px !important;padding-bottom: 30px !important;}&#8221;][vc_column width=&#8221;1\/3&#8243; css=&#8221;.vc_custom_1493745432476{padding-left: 30px !important;}&#8221;][vc_single_image image=&#8221;10775&#8243; img_size=&#8221;full&#8221; alignment=&#8221;center&#8221; title=&#8221;About us&#8221;][\/vc_column][vc_column width=&#8221;2\/3&#8243; css=&#8221;.vc_custom_1493745628944{padding-right: 30px !important;}&#8221;][vc_column_text]<strong><em>Conversation<\/em><\/strong><\/p>\n<p>Our book teaches you how to speak in the real contexts you need to communicate<\/p>\n<p><strong><em>Personalized attention<\/em><\/strong><\/p>\n<p>You are unique and you learn in a unique way, therefore the method must adapt to you, not on the opposite way.<\/p>\n<p><strong><em>Motivation<\/em><\/strong><\/p>\n<p>Our staff has one objective: to create the best environment for you to speak as quickly as possible[\/vc_column_text][\/vc_column][\/vc_row][vc_row bg_type=&#8221;bg_color&#8221; bg_override=&#8221;full&#8221; bg_color_value=&#8221;#fafafa&#8221; css=&#8221;.vc_custom_1669859390766{padding-top: 30px !important;padding-bottom: 60px !important;}&#8221; el_id=&#8221;team&#8221;][vc_column][vc_custom_heading text=&#8221;OUR TEACHERS&#8221; font_container=&#8221;tag:h2|text_align:center|line_height:150%25&#8243; use_theme_fonts=&#8221;yes&#8221; el_class=&#8221;unique-letter-spacing&#8221;][vc_empty_space height=&#8221;30px&#8221;][vc_row_inner][vc_column_inner width=&#8221;1\/4&#8243;][\/vc_column_inner][vc_column_inner width=&#8221;1\/2&#8243;][vc_column_text]<\/p>\n<p style=\"text-align: center;\">Our teachers are highly qualified and share something very important: a big motivation and a strong desire to make you speak a lot and give you a cultural experience through the language.<\/p>\n<p>[\/vc_column_text][\/vc_column_inner][vc_column_inner width=&#8221;1\/4&#8243;][\/vc_column_inner][\/vc_row_inner][vc_empty_space height=&#8221;60&#8243;]<div id=\"ult-carousel-63446536769ecf244d18ac\" class=\"ult-carousel-wrapper   ult_horizontal\" data-gutter=\"15\" data-rtl=\"false\" ><div class=\"ult-carousel-172128289069ecf244d16b2 \" ><div class=\"aio-icon-component    style_1\"><div id=\"Info-box-wrap-9671\" class=\"aio-icon-box top-icon\" style=\"\"  ><div class=\"aio-icon-top\"><div class=\"ult-just-icon-wrapper  \"><div class=\"align-icon\" style=\"text-align:center;\">\n<div class=\"aio-icon-img \" style=\"font-size:180px;display:inline-block;\" >\n\t<img class=\"img-icon\" alt=\"null\" src=\"https:\/\/slovak.linguarte.sk\/wp-content\/uploads\/2020\/10\/Kristina2sq.jpg\"\/>\n<\/div><\/div><\/div><\/div><div class=\"aio-icon-header\" ><h3 class=\"aio-icon-title ult-responsive\"  data-ultimate-target='#Info-box-wrap-9671 .aio-icon-title'  data-responsive-json-new='{\"font-size\":\"\",\"line-height\":\"\"}'  style=\"font-family:&#039;Raleway&#039;;font-weight:600;\">KRIST\u00cdNA<\/h3><\/div> <!-- header --><div class=\"aio-icon-description ult-responsive\"  data-ultimate-target='#Info-box-wrap-9671 .aio-icon-description'  data-responsive-json-new='{\"font-size\":\"\",\"line-height\":\"\"}'  style=\"font-family:&#039;Open Sans&#039;;\">She is a Slovak language teacher with many years of experience. She thinks the teacher has a very important role giving attention, passion and fun to the students. So the learning process will be faster and very successful:<\/p>\n<p>&#8220;I love teaching, because I love my language. Also I like having fun when teaching it.&#8221;<\/div> <!-- description --><\/div> <!-- aio-icon-box --><\/div> <!-- aio-icon-component --><div class=\"aio-icon-component    style_1\"><div id=\"Info-box-wrap-4119\" class=\"aio-icon-box top-icon\" style=\"\"  ><div class=\"aio-icon-top\"><div class=\"ult-just-icon-wrapper  \"><div class=\"align-icon\" style=\"text-align:center;\">\n<div class=\"aio-icon-img \" style=\"font-size:180px;display:inline-block;\" >\n\t<img class=\"img-icon\" alt=\"null\" src=\"https:\/\/slovak.linguarte.sk\/wp-content\/uploads\/2022\/11\/PHOTOASIA-sq.jpg\"\/>\n<\/div><\/div><\/div><\/div><div class=\"aio-icon-header\" ><h3 class=\"aio-icon-title ult-responsive\"  data-ultimate-target='#Info-box-wrap-4119 .aio-icon-title'  data-responsive-json-new='{\"font-size\":\"\",\"line-height\":\"\"}'  style=\"font-family:&#039;Raleway&#039;;font-weight:600;color:#2e2e2e;\">\u00c1SIA<\/h3><\/div> <!-- header --><div class=\"aio-icon-description ult-responsive\"  data-ultimate-target='#Info-box-wrap-4119 .aio-icon-description'  data-responsive-json-new='{\"font-size\":\"\",\"line-height\":\"\"}'  style=\"font-family:&#039;Open Sans&#039;;\">Je u\u010dite\u013ekou sloven\u010diny s dlhoro\u010dnou praxou. Ver\u00ed, \u017ee u\u010dite\u013e m\u00e1 z\u00e1sadn\u00fa \u00falohu pri poskytovan\u00ed pozornosti, v\u00e1\u0161ne a z\u00e1bavy \u0161tudentom. Proces u\u010denia tak bude r\u00fdchlej\u0161\u00ed a \u00faspe\u0161nej\u0161\u00ed:<\/p>\n<p>\u201eR\u00e1d u\u010d\u00edm, preto\u017ee milujem svoj jazyk. Navy\u0161e to milujem a je z\u00e1bavn\u00e9 to u\u010di\u0165.\u201c<\/div> <!-- description --><\/div> <!-- aio-icon-box --><\/div> <!-- aio-icon-component --><div class=\"aio-icon-component    style_1\"><div id=\"Info-box-wrap-6970\" class=\"aio-icon-box top-icon\" style=\"\"  ><div class=\"aio-icon-top\"><div class=\"ult-just-icon-wrapper  \"><div class=\"align-icon\" style=\"text-align:center;\">\n<div class=\"aio-icon-img \" style=\"font-size:180px;display:inline-block;\" >\n\t<img class=\"img-icon\" alt=\"null\" src=\"https:\/\/slovak.linguarte.sk\/wp-content\/uploads\/2022\/11\/Lubo-sq.jpg\"\/>\n<\/div><\/div><\/div><\/div><div class=\"aio-icon-header\" ><h3 class=\"aio-icon-title ult-responsive\"  data-ultimate-target='#Info-box-wrap-6970 .aio-icon-title'  data-responsive-json-new='{\"font-size\":\"\",\"line-height\":\"\"}'  style=\"font-family:&#039;Raleway&#039;;font-weight:600;color:#2e2e2e;\">\u013dUBO<\/h3><\/div> <!-- header --><div class=\"aio-icon-description ult-responsive\"  data-ultimate-target='#Info-box-wrap-6970 .aio-icon-description'  data-responsive-json-new='{\"font-size\":\"\",\"line-height\":\"\"}'  style=\"font-family:&#039;Open Sans&#039;;\">He\u2019s an English and Slovak language teacher for more than 5 years, supporting always a communicative method in learning languages. He has certificates from TOEFL and TEFL and he loves learning new things about languages. Also, he likes exercising and spending time with family.<\/p>\n<p>\u201cFor me, teaching is a dream come true. I can meet people from all over the world and it gives me space for self-realization and creativity.\u201d<\/div> <!-- description --><\/div> <!-- aio-icon-box --><\/div> <!-- aio-icon-component --><\/div><\/div>\t\t\t<script type=\"text\/javascript\">\n\t\t\t\tjQuery(document).ready(function ($) {\n\t\t\t\t\tif( typeof jQuery('.ult-carousel-172128289069ecf244d16b2').slick == \"function\"){\n\t\t\t\t\t\t$('.ult-carousel-172128289069ecf244d16b2').slick({dots: true,autoplaySpeed: 5000,speed: 300,infinite: false,arrows: false,slidesToScroll:3,slidesToShow:3,swipe: true,draggable: true,touchMove: true,pauseOnHover: true,pauseOnFocus: false,responsive: [\n\t\t\t\t\t\t\t{\n\t\t\t\t\t\t\t  breakpoint: 1026,\n\t\t\t\t\t\t\t  settings: {\n\t\t\t\t\t\t\t\tslidesToShow: 3,\n\t\t\t\t\t\t\t\tslidesToScroll: 3,  \n\t\t\t\t\t\t\t  }\n\t\t\t\t\t\t\t},\n\t\t\t\t\t\t\t{\n\t\t\t\t\t\t\t  breakpoint: 1025,\n\t\t\t\t\t\t\t  settings: {\n\t\t\t\t\t\t\t\tslidesToShow: 3,\n\t\t\t\t\t\t\t\tslidesToScroll: 3\n\t\t\t\t\t\t\t  }\n\t\t\t\t\t\t\t},\n\t\t\t\t\t\t\t{\n\t\t\t\t\t\t\t  breakpoint: 760,\n\t\t\t\t\t\t\t  settings: {\n\t\t\t\t\t\t\t\tslidesToShow: 1,\n\t\t\t\t\t\t\t\tslidesToScroll: 1\n\t\t\t\t\t\t\t  }\n\t\t\t\t\t\t\t}\n\t\t\t\t\t\t],pauseOnDotsHover: true,customPaging: function(slider, i) {\n                   return '<i type=\"button\" style= \"color:#565656;\" class=\"ultsl-radio-unchecked\" data-role=\"none\"><\/i>';\n                },});\n\t\t\t\t\t}\n\t\t\t\t});\n\t\t\t<\/script>\n\t\t\t[\/vc_column][\/vc_row][vc_row css=&#8221;.vc_custom_1669859503590{padding-top: 30px !important;padding-bottom: 30px !important;}&#8221; el_id=&#8221;clients&#8221;][vc_column][vc_custom_heading text=&#8221;WHAT OUR CLIENTS THINK&#8221; font_container=&#8221;tag:h2|text_align:center|line_height:150%25&#8243; use_theme_fonts=&#8221;yes&#8221; el_class=&#8221;unique-letter-spacing&#8221;][vc_empty_space height=&#8221;30px&#8221;]<div id=\"testimonials-slider-1\" class=\"testimonials-style2 style-dark\"><ul class=\"slides styled-list\" style=\"max-height:750px;\" ><li class=\"testimonials-slide\"><div class=\"testimonials-slide-content container\"><div class=\"img-container\"><img title=\"Bruno Moreno\" src=\"https:\/\/slovak.linguarte.sk\/wp-content\/uploads\/2017\/08\/Bruno.jpeg\" alt=\"Bruno Moreno\"><\/div><div class=\"text-container\"><span class=\"t-author\">Bruno Moreno<\/span><span class=\"testimonials_text_content\">I did an intensive course of Slovak for 3 weeks and I got really nice results and a nice cultural experience. I really recommend it to anyone!<\/span><\/div><\/div><\/li><li class=\"testimonials-slide\"><div class=\"testimonials-slide-content container\"><div class=\"img-container\"><img title=\"Kristina Cve\u010dkov\u00e1\" src=\"https:\/\/slovak.linguarte.sk\/wp-content\/uploads\/2017\/08\/client-kristina-cveckova.jpg\" alt=\"Kristina Cve\u010dkov\u00e1\"><\/div><div class=\"text-container\"><span class=\"t-author\">Kristina Cve\u010dkov\u00e1<\/span><span class=\"testimonials_text_content\">It\u2019s summer and I can speak Spanish on holiday! I started only a while ago taking lessons at Linguarte using its effective teaching method, but can already feel the progress. And the best about it is that it\u2019s fun. At Linguarte you don\u2019t waste time by exercise filling. I really recommend you study with Linguarte<\/span><\/div><\/div><\/li><li class=\"testimonials-slide\"><div class=\"testimonials-slide-content container\"><div class=\"img-container\"><img title=\"Bruno Moreno\" src=\"https:\/\/slovak.linguarte.sk\/wp-content\/uploads\/2017\/08\/Bruno.jpeg\" alt=\"Bruno Moreno\"><\/div><div class=\"text-container\"><span class=\"t-author\">Bruno Moreno<\/span><span class=\"testimonials_text_content\">I did an intensive course of Slovak for 3 weeks and I got really nice results and a nice cultural experience. I really recommend it to anyone!<\/span><\/div><\/div><\/li><\/ul><\/div>\n\t\t\t<script type=\"text\/javascript\">\n\t\t\t  jQuery(document).ready(function(){\n\t\t\t\t\tvar who = jQuery('#testimonials-slider-1 ul.slides');\n\t\t\t\t\n\t\t\t\t\tvar opts = ['slide','horizontal','yes','3500','1000','yes','yes','yes','dark'];\n\t\t\t\t\n\t\t\t\t\tif (opts[2] == 'yes') opts[2] = true; else opts[2] = false;\n\t\t\t\t\tif (opts[5] == 'yes') {\n\t\t\t\t\t\topts[5] = true;\n\t\t\t\t\t} else opts[5] = false;\n\t\t\t\t\tif (opts[6] == 'yes') {\n\t\t\t\t\t\topts[6] = true;\n\t\t\t\t\t} else opts[6] = false;\n\t\t\t\t\tif (opts[7] == 'yes') opts[7] = true; else opts[7] = false;\t\t\t\t\n\t\t\t\t\tif (opts[0] == 'fade') opts[0] = true; else opts[0] = false;\n\t\t\t\t\n\t\t\t\t\twho.slick({\n\t\t\t\t\t\tfade: opts[0],\n\t\t\t\t\t\tdots: opts[6], \n\t\t\t\t\t\tautoplay: opts[2], \n\t\t\t\t\t\tautoplaySpeed:opts[3], speed:opts[4], infinite: true,\n\t\t\t\t\t\tarrows: opts[5],\n\t\t\t\t\t\tadaptiveHeight:true,\n\t\t\t\t\t\tnextArrow:'<button type=\"button\" style=\"color:#333333; font-size:24px;\" class=\"slick-next default\"><i class=\"ultsl-arrow-right6\"><\/i><\/button>',\n\t\t\t\t\t\tprevArrow:'<button type=\"button\" style=\"color:#333333; font-size:24px;\" class=\"slick-prev default\"><i class=\"ultsl-arrow-left6\"><\/i><\/button>',\n\t\t\t\t\t\tswipe:true,\n\t\t\t\t\t\tdraggable:true,\n\t\t\t\t\t\ttouchMove:true,\n\t\t\t\t\t\tslidesToScroll: 1,\n\t\t\t\t\t\tslidesToShow: 1,\n\t\t\t\t\t\tpauseOnHover:opts[7],\n\t\t\t\t\t\tpauseOnDotsHover:opts[7],\n\t\t\t\t\t\tcustomPaging:function(slider,i){\n\t\t\t\t\t\t\treturn'<i type=\"button\" style=\"color:#333333;\" class=\"ultsl-record\" data-role=\"none\"><\/i>';\n\t\t\t\t\t\t}\n\t\t\t\t\t});\n\t\t\t\t\n\t\t\t  });\n\t\t\t  <\/script>[vc_empty_space height=&#8221;60&#8243;][vc_btn title=&#8221;MORE REVIEWS AT OUR FACEBOOK&#8221; style=&#8221;custom&#8221; custom_background=&#8221;#e52812&#8243; custom_text=&#8221;#ffffff&#8221; align=&#8221;center&#8221; css_animation=&#8221;none&#8221; link=&#8221;url:https%3A%2F%2Fwww.facebook.com%2Flinguartesk%2Freviews&#8221; css=&#8221;.vc_custom_1677033775801{padding-right: 10px !important;padding-left: 10px !important;}&#8221;][\/vc_column][\/vc_row][vc_row bg_type=&#8221;bg_color&#8221; bg_override=&#8221;full&#8221; source=&#8221;&#8221; text=&#8221;NA\u0160I SLOVENSK\u00cd U\u010cITELIA&#8221; font_container=&#8221;tag:h2|font_size:25px|text_align:center|line_height:150%25&#8243; use_theme_fonts=&#8221;&#8221; google_fonts=&#8221;font_family:Dosis%3A200%2C300%2Cregular%2C500%2C600%2C700%2C800|font_style:500%20bold%20regular%3A500%3Anormal&#8221; el_class=&#8221;unique-letter-spacing&#8221; link=&#8221;&#8221; bg_color_value=&#8221;#ededed&#8221; css=&#8221;.vc_custom_1669859579195{padding-top: 60px !important;padding-bottom: 60px !important;}&#8221; el_id=&#8221;method&#8221;][vc_column][vc_custom_heading text=&#8221;OUR METHOD OF TEACHING SLOVAK&#8221; font_container=&#8221;tag:h2|text_align:center|line_height:150%25&#8243; use_theme_fonts=&#8221;yes&#8221; el_class=&#8221;unique-letter-spacing&#8221;][vc_empty_space height=&#8221;30&#8243;][vc_custom_heading text=&#8221;HOW TO LEARN SLOVAK WITH OUR METHOD&#8221; font_container=&#8221;tag:h3|font_size:18px|text_align:center|line_height:150%25&#8243; use_theme_fonts=&#8221;yes&#8221; el_class=&#8221;unique-letter-spacing&#8221;][vc_empty_space height=&#8221;30&#8243;][vc_custom_heading text=&#8221;Grammar is a means to learning, not the goal.&#8221; font_container=&#8221;tag:div|font_size:18px|text_align:center|line_height:150%25&#8243; use_theme_fonts=&#8221;yes&#8221; el_class=&#8221;unique-letter-spacing&#8221;][vc_empty_space height=&#8221;30&#8243;][vc_column_text]Possibly all of us have had language courses that used a lot of grammar and endless written practice. However, this way of learning does not prepare us to have a conversation in <a href=\"https:\/\/en.wikipedia.org\/wiki\/Slovak_language\">Slovakia<\/a> in a real situation.<\/p>\n<p>We don&#8217;t like this and so we decided to fix it. So, we created the Linguarte method under two principles:<\/p>\n<p>The first considers that communication is the priority and grammar is a tool. We need to talk and use grammar, not focus on written grammar practices.<\/p>\n<p>The second considers that, when communicating, we focus on specific tasks that we want to accomplish. And for this, if we want to learn well, we have to be able to talk about everyday situations close to our lives and needs.<\/p>\n<p>The union of both principles guarantees an improvement in learning and fluency to speak without forgetting the other skills necessary for the successful learning of a language (listening, writing and reading).<\/p>\n<p>In addition, our method encourages active and cooperative participation of students in a highly motivated and trusting environment where your time and effort will be rewarded when <a href=\"https:\/\/slovak.linguarte.sk\/\">speaking the language<\/a>.[\/vc_column_text][\/vc_column][\/vc_row][vc_row bg_type=&#8221;bg_color&#8221; bg_override=&#8221;ex-full&#8221; css=&#8221;.vc_custom_1669859589219{padding-top: 60px !important;padding-bottom: 60px !important;}&#8221; bg_color_value=&#8221;#ffffff&#8221; el_id=&#8221;book&#8221;][vc_column][vc_custom_heading text=&#8221;OUR SLOVAK TEACHING BOOK&#8221; font_container=&#8221;tag:h2|text_align:center|line_height:150%25&#8243; use_theme_fonts=&#8221;yes&#8221; el_class=&#8221;unique-letter-spacing&#8221;][vc_empty_space height=&#8221;30&#8243;][vc_custom_heading text=&#8221;HOW TO LEARN SLOVAK WITH OUR BOOK&#8221; font_container=&#8221;tag:h3|font_size:18px|text_align:center|line_height:150%25&#8243; use_theme_fonts=&#8221;yes&#8221; el_class=&#8221;unique-letter-spacing&#8221;][vc_empty_space height=&#8221;30&#8243;][vc_custom_heading text=&#8221;The book is a tool for conversation.&#8221; font_container=&#8221;tag:div|font_size:18px|text_align:center|line_height:150%25&#8243; use_theme_fonts=&#8221;yes&#8221; el_class=&#8221;unique-letter-spacing&#8221;][vc_empty_space height=&#8221;30&#8243;][vc_row_inner][vc_column_inner width=&#8221;2\/3&#8243;][vc_column_text]Linguarte\u2019s textbooks are unique and were created to respond to the need to teach the language to communicate and use it in real contexts.<\/p>\n<p>It is proven that to speak a language you do not need grammar exercises or a focus on writing. On the contrary, you need to communicate and repeat as much as possible.<\/p>\n<p>For this, our textbook teaches you the words necessary to complete communication tasks. Each lesson is divided into small scenes in different places for you to practice in order to be able to repeat them in a real scenario.<\/p>\n<p>Each lesson in the textbook gives you a group of the most important words in each context (for example, in the restaurant, on the trip) and progressively gives you more elaborate structures. This is complemented by the active class where the teacher supports the conversation of each student in these structures so that you can quickly learn them.<\/p>\n<p>Grammar and structures are learned by practicing and playing without the need for endless exercises.<\/p>\n<p>The complete Linguarte textbook is divided into three parts, each containing lessons on current topics and covering vocabulary that native speakers use in real life.[\/vc_column_text][\/vc_column_inner][vc_column_inner width=&#8221;1\/3&#8243;][vc_single_image image=&#8221;10775&#8243; img_size=&#8221;full&#8221; alignment=&#8221;center&#8221;][\/vc_column_inner][\/vc_row_inner][\/vc_column][\/vc_row][vc_row el_id=&#8221;events&#8221;][vc_column][vc_custom_heading text=&#8221;OUR EVENTS&#8221; font_container=&#8221;tag:h2|text_align:center|line_height:150%25&#8243; use_theme_fonts=&#8221;yes&#8221; el_class=&#8221;unique-letter-spacing&#8221;][vc_empty_space height=&#8221;30&#8243;][vc_column_text]Learning a language is to speak and connect with other people and cultures.<\/p>\n<p>Because of this, Linguarte has created activities where you can practice what you learn and you can also meet other people and experience new things.[\/vc_column_text][vc_empty_space height=&#8221;30&#8243;][\/vc_column][\/vc_row][vc_row][vc_column width=&#8221;1\/3&#8243;][vc_column_text css=&#8221;.vc_custom_1677033918311{padding-bottom: 15px !important;}&#8221;]<\/p>\n<ul>\n<li>Classes in different places<\/li>\n<li>Spanish city tour<\/li>\n<li>Language Exchange<\/li>\n<li>Cooking and dance classes<\/li>\n<li>Cultural curiosities<\/li>\n<\/ul>\n<p>[\/vc_column_text][\/vc_column][vc_column width=&#8221;2\/3&#8243;][vc_media_grid grid_id=&#8221;vc_gid:1692368414883-6fa44a22-3a25-10&#8243; include=&#8221;9821,9820&#8243;][\/vc_column][\/vc_row][vc_row][vc_column][vc_empty_space height=&#8221;30px&#8221;][vc_custom_heading text=&#8221;Here you can see videos of our activities and more cultural information:&#8221; font_container=&#8221;tag:div|font_size:18px|text_align:center|line_height:150%25&#8243; use_theme_fonts=&#8221;yes&#8221; el_class=&#8221;unique-letter-spacing&#8221;][vc_empty_space height=&#8221;30px&#8221;][vc_row_inner][vc_column_inner width=&#8221;1\/2&#8243;][vc_icon icon_fontawesome=&#8221;fa fa-youtube-play&#8221; color=&#8221;juicy_pink&#8221; size=&#8221;xl&#8221; align=&#8221;center&#8221; link=&#8221;url:https%3A%2F%2Fwww.youtube.com%2Fchannel%2FUCGMtCzls8WhmFQl16-jmDYg|||&#8221;]<span id=\"creative-link-wrap-6809\" class=\"ult_main_cl ult-adjust-bottom-margin  \" >\n\t \t\t\t<span class=\"ult_cl_link_1  ult_crlink\" >\n\t\t\t\t\t<a  data-ultimate-target='#creative-link-wrap-6809 .ult_colorlink'  data-responsive-json-new='{\"font-size\":\"\",\"line-height\":\"\"}'  href=\"https:\/\/www.youtube.com\/channel\/UCGMtCzls8WhmFQl16-jmDYg\"  class=\"ult_colorlink ult-responsive \" style=\"font-weight:normal;color:__USE_THEME_MAIN_COLOR__; \"  data-textcolor=\"__USE_THEME_MAIN_COLOR__\" data-texthover=\"__USE_THEME_MAIN_COLOR__\"data-style=\"Style_1\">\n\t\t\t\t\t\t\n\t\t\t\t\t\t<span data-hover=\"Youtube\" style=\"color:__USE_THEME_MAIN_COLOR__;;;\" class=\"ult_btn10_span   \">Youtube<\/span>\n\t\t\t\t\t\t\n\t\t\t\t\t<\/a>\n\t\t\t\t<\/span>\n\t\t\t<\/span>[\/vc_column_inner][vc_column_inner width=&#8221;1\/2&#8243;][vc_icon icon_fontawesome=&#8221;fa fa-instagram&#8221; color=&#8221;sandy_brown&#8221; size=&#8221;xl&#8221; align=&#8221;center&#8221; link=&#8221;url:https%3A%2F%2Fwww.instagram.com%2Flinguarte%2F|||&#8221;]<span id=\"creative-link-wrap-5200\" class=\"ult_main_cl ult-adjust-bottom-margin  \" >\n\t \t\t\t<span class=\"ult_cl_link_1  ult_crlink\" >\n\t\t\t\t\t<a  data-ultimate-target='#creative-link-wrap-5200 .ult_colorlink'  data-responsive-json-new='{\"font-size\":\"\",\"line-height\":\"\"}'  href=\"https:\/\/www.instagram.com\/linguarte\/\"  class=\"ult_colorlink ult-responsive \" style=\"font-weight:normal;color:__USE_THEME_MAIN_COLOR__; \"  data-textcolor=\"__USE_THEME_MAIN_COLOR__\" data-texthover=\"__USE_THEME_MAIN_COLOR__\"data-style=\"Style_1\">\n\t\t\t\t\t\t\n\t\t\t\t\t\t<span data-hover=\"Instagram\" style=\"color:__USE_THEME_MAIN_COLOR__;;;\" class=\"ult_btn10_span   \">Instagram<\/span>\n\t\t\t\t\t\t\n\t\t\t\t\t<\/a>\n\t\t\t\t<\/span>\n\t\t\t<\/span>[\/vc_column_inner][\/vc_row_inner][\/vc_column][\/vc_row]<\/p>\n","protected":false},"excerpt":{"rendered":"<p>[vc_row css=&#8221;.vc_custom_1669859551993{padding-top: 60px !important;padding-bottom: 30px !important;}&#8221; el_id=&#8221;about&#8221;][vc_column][vc_custom_heading text=&#8221;ABOUT OUR SCHOOL LINGUARTE&#8221; font_container=&#8221;tag:h2|text_align:center|line_height:150%25&#8243; use_theme_fonts=&#8221;yes&#8221; el_class=&#8221;unique-letter-spacing&#8221;][vc_empty_space height=&#8221;30&#8243;][vc_custom_heading text=&#8221;OUR HISTORY&#8221; font_container=&#8221;tag:h3|font_size:18|text_align:center|line_height:150%25&#8243; use_theme_fonts=&#8221;yes&#8221; el_class=&#8221;unique-letter-spacing&#8221;][vc_empty_space height=&#8221;30&#8243;][vc_column_text]The Linguarte School was created seven years ago with a very basic idea: Change the traditional way of teaching languages \u200b\u200band teach the language to use it in real life conversations. And in real life, [&hellip;]<\/p>\n","protected":false},"author":1,"featured_media":10193,"parent":0,"menu_order":0,"comment_status":"closed","ping_status":"closed","template":"page.php","meta":{"footnotes":""},"_links":{"self":[{"href":"https:\/\/slovak.linguarte.sk\/en\/wp-json\/wp\/v2\/pages\/9854"}],"collection":[{"href":"https:\/\/slovak.linguarte.sk\/en\/wp-json\/wp\/v2\/pages"}],"about":[{"href":"https:\/\/slovak.linguarte.sk\/en\/wp-json\/wp\/v2\/types\/page"}],"author":[{"embeddable":true,"href":"https:\/\/slovak.linguarte.sk\/en\/wp-json\/wp\/v2\/users\/1"}],"replies":[{"embeddable":true,"href":"https:\/\/slovak.linguarte.sk\/en\/wp-json\/wp\/v2\/comments?post=9854"}],"version-history":[{"count":0,"href":"https:\/\/slovak.linguarte.sk\/en\/wp-json\/wp\/v2\/pages\/9854\/revisions"}],"wp:featuredmedia":[{"embeddable":true,"href":"https:\/\/slovak.linguarte.sk\/en\/wp-json\/wp\/v2\/media\/10193"}],"wp:attachment":[{"href":"https:\/\/slovak.linguarte.sk\/en\/wp-json\/wp\/v2\/media?parent=9854"}],"curies":[{"name":"wp","href":"https:\/\/api.w.org\/{rel}","templated":true}]}}