{"id":10967,"date":"2022-09-24T02:40:23","date_gmt":"2022-09-24T00:40:23","guid":{"rendered":"https:\/\/slovak.linguarte.sk\/jazykove-kurzy\/kurzy-slovenciny-pre-firmy\/"},"modified":"2023-08-17T20:58:15","modified_gmt":"2023-08-17T18:58:15","slug":"cursos-de-eslovaco-para-companias","status":"publish","type":"page","link":"https:\/\/slovak.linguarte.sk\/es\/cursos\/cursos-de-eslovaco-para-companias\/","title":{"rendered":"Cursos de eslovaco para compa\u00f1\u00edas"},"content":{"rendered":"<p>[vc_row css=\u00bb.vc_custom_1663979850818{padding-top: 100px !important;}\u00bb][vc_column width=\u00bb1\/2&#8243;][vc_column_text]La competitividad de las compa\u00f1\u00edas depende de la preparaci\u00f3n de sus empleados en \u00e1reas esenciales como el aprendizaje de idiomas.<\/p>\n<p>Nuestro programa de eslovaco para compa\u00f1\u00edas capacita a personas que necesitan aprender el idioma eslovaco como herramienta para sus labores profesionales.<\/p>\n<p>Este programa facilita la interacci\u00f3n entre compa\u00f1eros de trabajo en un ambiente ameno, profesional y con resultados garantizados.[\/vc_column_text][\/vc_column][vc_column width=\u00bb1\/2&#8243;][vc_single_image image=\u00bb10432&#8243; img_size=\u00bbfull\u00bb][\/vc_column][\/vc_row][vc_row css=\u00bb.vc_custom_1669863600430{padding-top: 60px !important;}\u00bb][vc_column][vc_custom_heading text=\u00bbCONT\u00c1CTENOS\u00bb font_container=\u00bbtag:h2|text_align:center|line_height:150%25&#8243; use_theme_fonts=\u00bbyes\u00bb el_class=\u00bbunique-letter-spacing\u00bb][\/vc_column][\/vc_row][vc_row css=\u00bb.vc_custom_1669867265601{padding-top: 60px !important;padding-bottom: 30px !important;}\u00bb][vc_column width=\u00bb1\/3&#8243;]<div class=\"aio-icon-component   customheading style_1\"><div id=\"Info-box-wrap-5302\" class=\"aio-icon-box top-icon\" style=\"\"  ><div class=\"aio-icon-top\"><div class=\"ult-just-icon-wrapper  \"><div class=\"align-icon\" style=\"text-align:center;\">\n<div class=\"aio-icon circle \"  style=\"color:#ffffff;background:#00837f;font-size:42px;display:inline-block;\">\n\t<i class=\"Defaults-phone\"><\/i>\n<\/div><\/div><\/div><\/div><div class=\"aio-icon-header\" ><h3 class=\"aio-icon-title ult-responsive\"  data-ultimate-target='#Info-box-wrap-5302 .aio-icon-title'  data-responsive-json-new='{\"font-size\":\"\",\"line-height\":\"\"}'  style=\"\">LL\u00c1MENOS<\/h3><\/div> <!-- header --><div class=\"aio-icon-description ult-responsive\"  data-ultimate-target='#Info-box-wrap-5302 .aio-icon-description'  data-responsive-json-new='{\"font-size\":\"\",\"line-height\":\"\"}'  style=\"\">Skype: linguarte.linguarte<br \/>\nTelef\u00f3no: + 421 908 859 404<\/div> <!-- description --><\/div> <!-- aio-icon-box --><\/div> <!-- aio-icon-component -->[\/vc_column][vc_column width=\u00bb1\/3&#8243;]<div class=\"aio-icon-component   customheading style_1\"><div id=\"Info-box-wrap-8082\" class=\"aio-icon-box top-icon\" style=\"\"  ><div class=\"aio-icon-top\"><div class=\"ult-just-icon-wrapper  \"><div class=\"align-icon\" style=\"text-align:center;\">\n<div class=\"aio-icon circle \"  style=\"color:#ffffff;background:#00837f;font-size:42px;display:inline-block;\">\n\t<i class=\"Defaults-envelope-o\"><\/i>\n<\/div><\/div><\/div><\/div><div class=\"aio-icon-header\" ><h3 class=\"aio-icon-title ult-responsive\"  data-ultimate-target='#Info-box-wrap-8082 .aio-icon-title'  data-responsive-json-new='{\"font-size\":\"\",\"line-height\":\"\"}'  style=\"\">MENSAJE<\/h3><\/div> <!-- header --><div class=\"aio-icon-description ult-responsive\"  data-ultimate-target='#Info-box-wrap-8082 .aio-icon-description'  data-responsive-json-new='{\"font-size\":\"\",\"line-height\":\"\"}'  style=\"\">E-mail: contact@linguarte.sk<br \/>\nFacebook: <a href=\"https:\/\/www.facebook.com\/linguartesk\/?locale=es_LA\">facebook.com\/linguartesk<\/a><\/p>\n<p>Instagram: <a href=\"https:\/\/www.instagram.com\/linguarte\/\">@linguartesk<\/a><\/div> <!-- description --><\/div> <!-- aio-icon-box --><\/div> <!-- aio-icon-component -->[\/vc_column][vc_column width=\u00bb1\/3&#8243;]<div class=\"aio-icon-component   customheading style_1\"><div id=\"Info-box-wrap-3854\" class=\"aio-icon-box top-icon\" style=\"\"  ><div class=\"aio-icon-top\"><div class=\"ult-just-icon-wrapper  \"><div class=\"align-icon\" style=\"text-align:center;\">\n<div class=\"aio-icon circle \"  style=\"color:#ffffff;background:#00837f;font-size:42px;display:inline-block;\">\n\t<i class=\"Defaults-map-marker\"><\/i>\n<\/div><\/div><\/div><\/div><div class=\"aio-icon-header\" ><h3 class=\"aio-icon-title ult-responsive\"  data-ultimate-target='#Info-box-wrap-3854 .aio-icon-title'  data-responsive-json-new='{\"font-size\":\"\",\"line-height\":\"\"}'  style=\"\">DIRECCI\u00d3N<\/h3><\/div> <!-- header --><div class=\"aio-icon-description ult-responsive\"  data-ultimate-target='#Info-box-wrap-3854 .aio-icon-description'  data-responsive-json-new='{\"font-size\":\"\",\"line-height\":\"\"}'  style=\"\">Michalsk\u00e1 18-20<br \/>\n811 01\u00a0 Bratislava<\/div> <!-- description --><\/div> <!-- aio-icon-box --><\/div> <!-- aio-icon-component -->[\/vc_column][\/vc_row][vc_row bg_type=\u00bbbg_color\u00bb bg_override=\u00bbfull\u00bb css=\u00bb.vc_custom_1673838553514{padding-top: 30px !important;padding-bottom: 30px !important;}\u00bb bg_color_value=\u00bb#fafafa\u00bb][vc_column][vc_custom_heading text=\u00bbVENTAJAS DE LOS CURSOS\u00bb font_container=\u00bbtag:h2|text_align:center|line_height:150%25&#8243; use_theme_fonts=\u00bbyes\u00bb el_class=\u00bbunique-letter-spacing\u00bb][\/vc_column][\/vc_row][vc_row bg_type=\u00bbbg_color\u00bb bg_override=\u00bbfull\u00bb css=\u00bb.vc_custom_1673838536306{padding-top: 30px !important;padding-bottom: 60px !important;}\u00bb bg_color_value=\u00bb#fafafa\u00bb][vc_column width=\u00bb1\/2&#8243;][vc_custom_heading text=\u00bbPrograma \u00fanico para la compa\u00f1\u00eda\u00bb font_container=\u00bbtag:h3|font_size:18|text_align:left|line_height:150%25&#8243; use_theme_fonts=\u00bbyes\u00bb el_class=\u00bbunique-letter-spacing\u00bb][vc_empty_space height=\u00bb30&#8243;][vc_column_text]Nuestras clases de eslovaco se adaptan a las necesidades \u00fanicas de cada compa\u00f1\u00eda<\/p>\n<p>Creamos un programa personalizado de eslovaco seg\u00fan los temas y objetivos de la compa\u00f1\u00eda[\/vc_column_text][vc_empty_space height=\u00bb60&#8243;][vc_custom_heading text=\u00bbClase de demostraci\u00f3n\u00bb font_container=\u00bbtag:h3|font_size:18px|text_align:left|line_height:150%25&#8243; use_theme_fonts=\u00bbyes\u00bb el_class=\u00bbunique-letter-spacing\u00bb][vc_empty_space height=\u00bb30&#8243;][vc_column_text]Los cursos de eslovaco para compa\u00f1\u00edas incluyen una clase de demostraci\u00f3n gratuita.<\/p>\n<p>En esta clase gratuita de eslovaco se eval\u00faa el nivel de los participantes.<\/p>\n<p>Tambi\u00e9n en la clase de demostraci\u00f3n se muestra c\u00f3mo funciona nuestra metodolog\u00eda de ense\u00f1anza[\/vc_column_text][vc_empty_space height=\u00bb60&#8243;][vc_custom_heading text=\u00bbMonitorio regular del aprendizaje\u00bb font_container=\u00bbtag:h3|font_size:18px|text_align:left|line_height:150%25&#8243; use_theme_fonts=\u00bbyes\u00bb el_class=\u00bbunique-letter-spacing\u00bb][vc_empty_space height=\u00bb30&#8243;][vc_column_text]Nuestros profesores y equipo supervisan el cumplimiento de los objetivos de los cursos.<\/p>\n<p>Este monitoreo garantiza el progreso de los estudiantes en cada clase.<\/p>\n<p>La compa\u00f1\u00eda tiene acceso continuo a esta informaci\u00f3n y puede verificar semanalmente el avance de cada clase de eslovaco.[\/vc_column_text][\/vc_column][vc_column width=\u00bb1\/2&#8243;][vc_custom_heading text=\u00bbEvaluaci\u00f3n del progreso\u00bb font_container=\u00bbtag:h3|font_size:18px|text_align:left|line_height:150%25&#8243; use_theme_fonts=\u00bbyes\u00bb el_class=\u00bbunique-letter-spacing\u00bb][vc_empty_space height=\u00bb30&#8243;][vc_column_text]Nuestra escuela realiza ex\u00e1menes durante y al final de cada curso.<\/p>\n<p>Cada participante de las clases de eslovaco es examinado para determinar su progreso.<\/p>\n<p>Al final de cada curso, se entrega un informe de desempe\u00f1o a la compa\u00f1\u00eda[\/vc_column_text][vc_empty_space height=\u00bb60&#8243;][vc_custom_heading text=\u00bbHorarios y formatos flexibles\u00bb font_container=\u00bbtag:h3|font_size:18px|text_align:left|line_height:150%25&#8243; use_theme_fonts=\u00bbyes\u00bb el_class=\u00bbunique-letter-spacing\u00bb][vc_empty_space height=\u00bb30&#8243;][vc_column_text]Nuestros cursos de eslovaco son flexibles seg\u00fan las necesidades de la compa\u00f1\u00eda.<\/p>\n<p>Las clases de eslovaco pueden ser en la ma\u00f1ana o en la tarde.<\/p>\n<p>Tambi\u00e9n pueden ser presenciales en las oficinas de la compa\u00f1\u00eda u online.[\/vc_column_text][\/vc_column][\/vc_row][vc_row bg_type=\u00bbbg_color\u00bb bg_override=\u00bbfull\u00bb bg_color_value=\u00bb#fafafa\u00bb css=\u00bb.vc_custom_1669847847359{padding-top: 30px !important;padding-bottom: 60px !important;}\u00bb][vc_column][vc_custom_heading text=\u00bbNUESTROS PROFESORES DE ESLOVACO\u00bb font_container=\u00bbtag:h2|text_align:center|line_height:150%25&#8243; use_theme_fonts=\u00bbyes\u00bb el_class=\u00bbunique-letter-spacing\u00bb][vc_empty_space height=\u00bb30px\u00bb][vc_row_inner][vc_column_inner width=\u00bb1\/4&#8243;][\/vc_column_inner][vc_column_inner width=\u00bb1\/2&#8243;][vc_column_text]Nuestros profesores tienen mucha experiencia ense\u00f1ando el eslovaco y comparten algo muy importante, una gran motivaci\u00f3n y un deseo de ense\u00f1arte a conversar y darte una experiencia cultural con el idioma.[\/vc_column_text][\/vc_column_inner][vc_column_inner width=\u00bb1\/4&#8243;][\/vc_column_inner][\/vc_row_inner][vc_empty_space height=\u00bb60&#8243;]<div id=\"ult-carousel-193848171169f633a0b2b31\" class=\"ult-carousel-wrapper   ult_horizontal\" data-gutter=\"15\" data-rtl=\"false\" ><div class=\"ult-carousel-149522505169f633a0b29f0 \" ><div class=\"aio-icon-component    style_1\"><div id=\"Info-box-wrap-8757\" class=\"aio-icon-box top-icon\" style=\"\"  ><div class=\"aio-icon-top\"><div class=\"ult-just-icon-wrapper  \"><div class=\"align-icon\" style=\"text-align:center;\">\n<div class=\"aio-icon-img \" style=\"font-size:180px;display:inline-block;\" >\n\t<img class=\"img-icon\" alt=\"null\" src=\"https:\/\/slovak.linguarte.sk\/wp-content\/uploads\/2020\/10\/Kristina2sq.jpg\"\/>\n<\/div><\/div><\/div><\/div><div class=\"aio-icon-header\" ><h3 class=\"aio-icon-title ult-responsive\"  data-ultimate-target='#Info-box-wrap-8757 .aio-icon-title'  data-responsive-json-new='{\"font-size\":\"\",\"line-height\":\"\"}'  style=\"font-family:&#039;Raleway&#039;;font-weight:600;\">KRIST\u00cdNA<\/h3><\/div> <!-- header --><div class=\"aio-icon-description ult-responsive\"  data-ultimate-target='#Info-box-wrap-8757 .aio-icon-description'  data-responsive-json-new='{\"font-size\":\"\",\"line-height\":\"\"}'  style=\"font-family:&#039;Open Sans&#039;;\">Ella es una profesora de eslovaco con muchos a\u00f1os de experiencia. Ella cree que el profesor tiene un rol esencial dando atenci\u00f3n, pasi\u00f3n y diversi\u00f3n a los estudiantes. As\u00ed, el proceso de aprendizaje ser\u00e1 m\u00e1s r\u00e1pido y exitoso:<\/p>\n<p>\u201cAmo ense\u00f1ar porque amo mi idioma. Adem\u00e1s, me encanta y divierte ense\u00f1arlo\u201d.<\/div> <!-- description --><\/div> <!-- aio-icon-box --><\/div> <!-- aio-icon-component --><div class=\"aio-icon-component    style_1\"><div id=\"Info-box-wrap-2282\" class=\"aio-icon-box top-icon\" style=\"\"  ><div class=\"aio-icon-top\"><div class=\"ult-just-icon-wrapper  \"><div class=\"align-icon\" style=\"text-align:center;\">\n<div class=\"aio-icon-img \" style=\"font-size:180px;display:inline-block;\" >\n\t<img class=\"img-icon\" alt=\"null\" src=\"https:\/\/slovak.linguarte.sk\/wp-content\/uploads\/2022\/11\/PHOTOASIA-sq.jpg\"\/>\n<\/div><\/div><\/div><\/div><div class=\"aio-icon-header\" ><h3 class=\"aio-icon-title ult-responsive\"  data-ultimate-target='#Info-box-wrap-2282 .aio-icon-title'  data-responsive-json-new='{\"font-size\":\"\",\"line-height\":\"\"}'  style=\"font-family:&#039;Raleway&#039;;font-weight:600;color:#2e2e2e;\">\u00c1SIA<\/h3><\/div> <!-- header --><div class=\"aio-icon-description ult-responsive\"  data-ultimate-target='#Info-box-wrap-2282 .aio-icon-description'  data-responsive-json-new='{\"font-size\":\"\",\"line-height\":\"\"}'  style=\"font-family:&#039;Open Sans&#039;;\">Ella es una profesora de eslovaco con muchos a\u00f1os de experiencia. Ella cree que el profesor tiene un rol esencial dando atenci\u00f3n, pasi\u00f3n y diversi\u00f3n a los estudiantes. As\u00ed, el proceso de aprendizaje ser\u00e1 m\u00e1s r\u00e1pido y exitoso:<\/p>\n<p>\u201cAmo ense\u00f1ar porque amo mi idioma. Adem\u00e1s, me encanta y divierte ense\u00f1arlo\u201d.<\/div> <!-- description --><\/div> <!-- aio-icon-box --><\/div> <!-- aio-icon-component --><div class=\"aio-icon-component    style_1\"><div id=\"Info-box-wrap-8686\" class=\"aio-icon-box top-icon\" style=\"\"  ><div class=\"aio-icon-top\"><div class=\"ult-just-icon-wrapper  \"><div class=\"align-icon\" style=\"text-align:center;\">\n<div class=\"aio-icon-img \" style=\"font-size:180px;display:inline-block;\" >\n\t<img class=\"img-icon\" alt=\"null\" src=\"https:\/\/slovak.linguarte.sk\/wp-content\/uploads\/2022\/11\/Lubo-sq.jpg\"\/>\n<\/div><\/div><\/div><\/div><div class=\"aio-icon-header\" ><h3 class=\"aio-icon-title ult-responsive\"  data-ultimate-target='#Info-box-wrap-8686 .aio-icon-title'  data-responsive-json-new='{\"font-size\":\"\",\"line-height\":\"\"}'  style=\"font-family:&#039;Raleway&#039;;font-weight:600;color:#2e2e2e;\">\u013dUBO<\/h3><\/div> <!-- header --><div class=\"aio-icon-description ult-responsive\"  data-ultimate-target='#Info-box-wrap-8686 .aio-icon-description'  data-responsive-json-new='{\"font-size\":\"\",\"line-height\":\"\"}'  style=\"font-family:&#039;Open Sans&#039;;\">Como profesor de eslovaco por m\u00e1s de 5 a\u00f1os, siempre ha apoyado un m\u00e9todo comunicativo para ense\u00f1ar lenguas. Adem\u00e1s, le encanta hacer ejercicio y pasar tiempo con la familia:<\/p>\n<p>\u201cPara m\u00ed, ense\u00f1ar idiomas es un sue\u00f1o hecho realidad. Puedo conocer gente de todo el mundo y tengo espacio para ser creativo y autorrealizarme\u201d.<\/div> <!-- description --><\/div> <!-- aio-icon-box --><\/div> <!-- aio-icon-component --><\/div><\/div>\t\t\t<script type=\"text\/javascript\">\n\t\t\t\tjQuery(document).ready(function ($) {\n\t\t\t\t\tif( typeof jQuery('.ult-carousel-149522505169f633a0b29f0').slick == \"function\"){\n\t\t\t\t\t\t$('.ult-carousel-149522505169f633a0b29f0').slick({dots: true,autoplaySpeed: 5000,speed: 300,infinite: false,arrows: false,slidesToScroll:3,slidesToShow:3,swipe: true,draggable: true,touchMove: true,pauseOnHover: true,pauseOnFocus: false,responsive: [\n\t\t\t\t\t\t\t{\n\t\t\t\t\t\t\t  breakpoint: 1026,\n\t\t\t\t\t\t\t  settings: {\n\t\t\t\t\t\t\t\tslidesToShow: 3,\n\t\t\t\t\t\t\t\tslidesToScroll: 3,  \n\t\t\t\t\t\t\t  }\n\t\t\t\t\t\t\t},\n\t\t\t\t\t\t\t{\n\t\t\t\t\t\t\t  breakpoint: 1025,\n\t\t\t\t\t\t\t  settings: {\n\t\t\t\t\t\t\t\tslidesToShow: 3,\n\t\t\t\t\t\t\t\tslidesToScroll: 3\n\t\t\t\t\t\t\t  }\n\t\t\t\t\t\t\t},\n\t\t\t\t\t\t\t{\n\t\t\t\t\t\t\t  breakpoint: 760,\n\t\t\t\t\t\t\t  settings: {\n\t\t\t\t\t\t\t\tslidesToShow: 1,\n\t\t\t\t\t\t\t\tslidesToScroll: 1\n\t\t\t\t\t\t\t  }\n\t\t\t\t\t\t\t}\n\t\t\t\t\t\t],pauseOnDotsHover: true,customPaging: function(slider, i) {\n                   return '<i type=\"button\" style= \"color:#565656;\" class=\"ultsl-radio-unchecked\" data-role=\"none\"><\/i>';\n                },});\n\t\t\t\t\t}\n\t\t\t\t});\n\t\t\t<\/script>\n\t\t\t[vc_empty_space height=\u00bb30px\u00bb][vc_btn title=\u00bbNUESTRO EQUIPO\u00bb style=\u00bbcustom\u00bb custom_background=\u00bb#e52812&#8243; custom_text=\u00bb#ffffff\u00bb align=\u00bbcenter\u00bb css_animation=\u00bbnone\u00bb link=\u00bburl:https%3A%2F%2Fslovak.linguarte.sk%2Fes%2Fnosotros%2F%23team|title:Registr%C3%A1cia\u00bb css=\u00bb.vc_custom_1677039864814{padding-right: 10px !important;padding-left: 10px !important;}\u00bb][\/vc_column][\/vc_row][vc_row css=\u00bb.vc_custom_1669842052951{padding-top: 30px !important;padding-bottom: 30px !important;}\u00bb][vc_column][vc_custom_heading text=\u00bbLO QUE NUESTROS CLIENTES PIENSAN\u00bb font_container=\u00bbtag:h2|text_align:center|line_height:150%25&#8243; use_theme_fonts=\u00bbyes\u00bb el_class=\u00bbunique-letter-spacing\u00bb][vc_empty_space height=\u00bb30px\u00bb]<div id=\"testimonials-slider-1\" class=\"testimonials-style2 style-dark\"><ul class=\"slides styled-list\" style=\"max-height:750px;\" ><li class=\"testimonials-slide\"><div class=\"testimonials-slide-content container\"><div class=\"img-container\"><img title=\"Bruno Moreno\" src=\"https:\/\/slovak.linguarte.sk\/wp-content\/uploads\/2017\/08\/Bruno.jpeg\" alt=\"Bruno Moreno\"><\/div><div class=\"text-container\"><span class=\"t-author\">Bruno Moreno<\/span><span class=\"testimonials_text_content\">Hice un curso intensivo de eslovaco durante 3 semanas y obtuve muy buenos resultados y una experiencia cultural buena. Lo recomiendo para cualquiera.<\/span><\/div><\/div><\/li><li class=\"testimonials-slide\"><div class=\"testimonials-slide-content container\"><div class=\"img-container\"><img title=\"\" src=\"https:\/\/slovak.linguarte.sk\/wp-content\/uploads\/2017\/08\/client-kristina-cveckova.jpg\" alt=\"\"><\/div><div class=\"text-container\"><span class=\"t-author\"><\/span><span class=\"testimonials_text_content\">\u00a1Es verano y puedo hablar espa\u00f1ol en mis vacaciones! S\u00f3lo empec\u00e9 a tomar clases hace poco con el m\u00e9todo efectivo de Linguarte, pero puedo sentir el progreso. Y lo mejor de todo es que es divertido. Con Linguarte t\u00fa no pierdes el tiempo completando ejercicios.<\/span><\/div><\/div><\/li><li class=\"testimonials-slide\"><div class=\"testimonials-slide-content container\"><div class=\"img-container\"><img title=\"\" src=\"https:\/\/slovak.linguarte.sk\/wp-content\/uploads\/2017\/08\/Bruno.jpeg\" alt=\"\"><\/div><div class=\"text-container\"><span class=\"t-author\"><\/span><span class=\"testimonials_text_content\">Tuve que aprender espa\u00f1ol porque lo necesitaba solamente para mis ex\u00e1menes. Sin embargo, despu\u00e9s de la primera clase en Linguarte me sent\u00ed motivada y capaz de hablar a causa de su m\u00e9todo simple y despu\u00e9s de pocas semanas, pude hablar m\u00e1s que en dos a\u00f1os aprendiendo con los m\u00e9todos est\u00e1ndar. \u00a0Gracias a Linguarte ahora amo el espa\u00f1ol y quiero hablarlo todo el tiempo. Pru\u00e9balo y ver\u00e1s inmediatamente la diferencia.<\/span><\/div><\/div><\/li><\/ul><\/div>\n\t\t\t<script type=\"text\/javascript\">\n\t\t\t  jQuery(document).ready(function(){\n\t\t\t\t\tvar who = jQuery('#testimonials-slider-1 ul.slides');\n\t\t\t\t\n\t\t\t\t\tvar opts = ['slide','horizontal','yes','3500','1000','yes','yes','yes','dark'];\n\t\t\t\t\n\t\t\t\t\tif (opts[2] == 'yes') opts[2] = true; else opts[2] = false;\n\t\t\t\t\tif (opts[5] == 'yes') {\n\t\t\t\t\t\topts[5] = true;\n\t\t\t\t\t} else opts[5] = false;\n\t\t\t\t\tif (opts[6] == 'yes') {\n\t\t\t\t\t\topts[6] = true;\n\t\t\t\t\t} else opts[6] = false;\n\t\t\t\t\tif (opts[7] == 'yes') opts[7] = true; else opts[7] = false;\t\t\t\t\n\t\t\t\t\tif (opts[0] == 'fade') opts[0] = true; else opts[0] = false;\n\t\t\t\t\n\t\t\t\t\twho.slick({\n\t\t\t\t\t\tfade: opts[0],\n\t\t\t\t\t\tdots: opts[6], \n\t\t\t\t\t\tautoplay: opts[2], \n\t\t\t\t\t\tautoplaySpeed:opts[3], speed:opts[4], infinite: true,\n\t\t\t\t\t\tarrows: opts[5],\n\t\t\t\t\t\tadaptiveHeight:true,\n\t\t\t\t\t\tnextArrow:'<button type=\"button\" style=\"color:#333333; font-size:24px;\" class=\"slick-next default\"><i class=\"ultsl-arrow-right6\"><\/i><\/button>',\n\t\t\t\t\t\tprevArrow:'<button type=\"button\" style=\"color:#333333; font-size:24px;\" class=\"slick-prev default\"><i class=\"ultsl-arrow-left6\"><\/i><\/button>',\n\t\t\t\t\t\tswipe:true,\n\t\t\t\t\t\tdraggable:true,\n\t\t\t\t\t\ttouchMove:true,\n\t\t\t\t\t\tslidesToScroll: 1,\n\t\t\t\t\t\tslidesToShow: 1,\n\t\t\t\t\t\tpauseOnHover:opts[7],\n\t\t\t\t\t\tpauseOnDotsHover:opts[7],\n\t\t\t\t\t\tcustomPaging:function(slider,i){\n\t\t\t\t\t\t\treturn'<i type=\"button\" style=\"color:#333333;\" class=\"ultsl-record\" data-role=\"none\"><\/i>';\n\t\t\t\t\t\t}\n\t\t\t\t\t});\n\t\t\t\t\n\t\t\t  });\n\t\t\t  <\/script>[vc_empty_space height=\u00bb60&#8243;][vc_btn title=\u00bbM\u00c1S RESE\u00d1AS EN NUESTRA P\u00c1GINA DE FACEBOOK\u00bb style=\u00bbcustom\u00bb custom_background=\u00bb#e52812&#8243; custom_text=\u00bb#ffffff\u00bb align=\u00bbcenter\u00bb css_animation=\u00bbnone\u00bb link=\u00bburl:https%3A%2F%2Fwww.facebook.com%2Flinguartesk%2Freviews\u00bb css=\u00bb.vc_custom_1677039997833{padding-right: 10px !important;padding-left: 10px !important;}\u00bb][\/vc_column][\/vc_row][vc_row css=\u00bb.vc_custom_1669842091749{padding-top: 60px !important;padding-bottom: 30px !important;}\u00bb][vc_column][vc_custom_heading text=\u00bbEMPRESAS CON LAS QUE COOPERAMOS\u00bb font_container=\u00bbtag:h2|text_align:center|line_height:150%25&#8243; use_theme_fonts=\u00bbyes\u00bb el_class=\u00bbunique-letter-spacing\u00bb][vc_empty_space height=\u00bb30px\u00bb]<div id=\"partners-1\" class=\"partners-container noscroller\"><div class=\"partner-item col-md-4\" style=\"height: 130px;line-height: 130px;\"><a target=\"_blank\" href=\"http:\/\/www.mufis.sk\/\" ><img title=\"Mufis\" src=\"https:\/\/slovak.linguarte.sk\/wp-content\/uploads\/2019\/01\/LOGO-MUFIS.jpg\" \/><\/a><\/div><div class=\"partner-item col-md-4\" style=\"height: 130px;line-height: 130px;\"><a target=\"_blank\" href=\"http:\/\/granvia.sk\/sk\/\" ><img title=\"Granvia\" src=\"https:\/\/slovak.linguarte.sk\/wp-content\/uploads\/2019\/01\/LOGO-GRANVIA.jpg\" \/><\/a><\/div><div class=\"partner-item col-md-4\" style=\"height: 130px;line-height: 130px;\"><a target=\"_blank\" href=\"https:\/\/www.fonadental.com\/\" ><img title=\"Fona\" src=\"https:\/\/slovak.linguarte.sk\/wp-content\/uploads\/2019\/01\/LOGO-FONA.jpg\" \/><\/a><\/div><\/div><script type=\"text\/javascript\">\n\t\t\t\t\t\tjQuery(document).ready(function(){ jQuery('#partners-1.withtooltip .partner-item a, #partners-1.withtooltip .carousel-item a').tooltip(); });\n\t\t\t\t\t\t<\/script>[\/vc_column][\/vc_row][vc_row equal_height=\u00bbyes\u00bb bg_type=\u00bbbg_color\u00bb bg_override=\u00bbfull\u00bb css=\u00bb.vc_custom_1669840915919{padding-top: 60px !important;padding-bottom: 60px !important;}\u00bb bg_color_value=\u00bb#ededed\u00bb][vc_column css=\u00bb.vc_custom_1669840721955{background-position: 0 0 !important;background-repeat: no-repeat !important;}\u00bb][vc_custom_heading text=\u00bbNUESTRO BLOG DE ESLOVACO\u00bb font_container=\u00bbtag:h2|text_align:center|line_height:150%25&#8243; use_theme_fonts=\u00bbyes\u00bb el_class=\u00bbunique-letter-spacing\u00bb][vc_empty_space height=\u00bb30px\u00bb][vc_custom_heading text=\u00bbMira nuestros art\u00edculos donde podr\u00e1s aprender de comida, m\u00fasica, baile, series y destinos en Eslovaquia.\u00bb font_container=\u00bbtag:div|font_size:18px|text_align:center|line_height:150%25&#8243; use_theme_fonts=\u00bbyes\u00bb el_class=\u00bbunique-letter-spacing\u00bb][vc_empty_space height=\u00bb30px\u00bb][vc_basic_grid post_type=\u00bbpost\u00bb max_items=\u00bb3&#8243; grid_id=\u00bbvc_gid:1692298628177-dd7f301a-1a0a-0&#8243;][\/vc_column][\/vc_row]<\/p>\n","protected":false},"excerpt":{"rendered":"<p>[vc_row css=\u00bb.vc_custom_1663979850818{padding-top: 100px !important;}\u00bb][vc_column width=\u00bb1\/2&#8243;][vc_column_text]La competitividad de las compa\u00f1\u00edas depende de la preparaci\u00f3n de sus empleados en \u00e1reas esenciales como el aprendizaje de idiomas. Nuestro programa de eslovaco para compa\u00f1\u00edas capacita a personas que necesitan aprender el idioma eslovaco como herramienta para sus labores profesionales. Este programa facilita la interacci\u00f3n entre compa\u00f1eros de trabajo en [&hellip;]<\/p>\n","protected":false},"author":1,"featured_media":0,"parent":10958,"menu_order":0,"comment_status":"closed","ping_status":"closed","template":"page.php","meta":{"footnotes":""},"_links":{"self":[{"href":"https:\/\/slovak.linguarte.sk\/es\/wp-json\/wp\/v2\/pages\/10967"}],"collection":[{"href":"https:\/\/slovak.linguarte.sk\/es\/wp-json\/wp\/v2\/pages"}],"about":[{"href":"https:\/\/slovak.linguarte.sk\/es\/wp-json\/wp\/v2\/types\/page"}],"author":[{"embeddable":true,"href":"https:\/\/slovak.linguarte.sk\/es\/wp-json\/wp\/v2\/users\/1"}],"replies":[{"embeddable":true,"href":"https:\/\/slovak.linguarte.sk\/es\/wp-json\/wp\/v2\/comments?post=10967"}],"version-history":[{"count":0,"href":"https:\/\/slovak.linguarte.sk\/es\/wp-json\/wp\/v2\/pages\/10967\/revisions"}],"up":[{"embeddable":true,"href":"https:\/\/slovak.linguarte.sk\/es\/wp-json\/wp\/v2\/pages\/10958"}],"wp:attachment":[{"href":"https:\/\/slovak.linguarte.sk\/es\/wp-json\/wp\/v2\/media?parent=10967"}],"curies":[{"name":"wp","href":"https:\/\/api.w.org\/{rel}","templated":true}]}}