{"id":9855,"date":"2020-10-06T03:22:21","date_gmt":"2020-10-06T01:22:21","guid":{"rendered":"https:\/\/slovak.linguarte.sk\/o-nas\/"},"modified":"2023-08-21T19:36:19","modified_gmt":"2023-08-21T17:36:19","slug":"nosotros","status":"publish","type":"page","link":"https:\/\/slovak.linguarte.sk\/es\/nosotros\/","title":{"rendered":"Nosotros"},"content":{"rendered":"<p>[vc_row css=\u00bb.vc_custom_1669859551993{padding-top: 60px !important;padding-bottom: 30px !important;}\u00bb el_id=\u00bbabout\u00bb][vc_column][vc_custom_heading text=\u00bbSOBRE NUESTRA ESCUELA LINGUARTE\u00bb font_container=\u00bbtag:h2|text_align:center|line_height:150%25&#8243; use_theme_fonts=\u00bbyes\u00bb el_class=\u00bbunique-letter-spacing\u00bb][vc_empty_space height=\u00bb30&#8243;][vc_custom_heading text=\u00bbNUESTRA HISTORIA\u00bb font_container=\u00bbtag:h3|font_size:18|text_align:center|line_height:150%25&#8243; use_theme_fonts=\u00bbyes\u00bb el_class=\u00bbunique-letter-spacing\u00bb][vc_empty_space height=\u00bb30&#8243;][vc_column_text]La escuela Linguarte se cre\u00f3 hace siete a\u00f1os con una idea muy b\u00e1sica:<\/p>\n<p>Cambiar la forma tradicional de ense\u00f1ar las lenguas y ense\u00f1ar la lengua para usarla en conversaciones de la vida real.<\/p>\n<p>Y en la vida real, hablar una lengua es tambi\u00e9n una experiencia cultural.<\/p>\n<p>Con esta filosof\u00eda en mente, nos dimos cuenta que necesit\u00e1bamos crear un m\u00e9todo que ense\u00f1ara mediante la conversaci\u00f3n y el contacto cultural. Esto porque los libros y m\u00e9todos tradicionales pon\u00edan la atenci\u00f3n en pr\u00e1cticas escritas y gram\u00e1tica.\u00a0 Por esto creamos nuestro propio libro de texto y pr\u00e1cticas para maximizar la experiencia cultural y educativa de nuestros estudiantes. En nuestro m\u00e9todo, el libro y el profesor se complementan para crear las mejores condiciones para estudiar y para obtener resultados r\u00e1pidos.<\/p>\n<p>El \u00e9xito de nuestro m\u00e9todo y la satisfacci\u00f3n de nuestros estudiantes, nos impuls\u00f3 a abrir nuestra aula y seguir trabajando para cambiar la forma en c\u00f3mo se ense\u00f1an las lenguas.[\/vc_column_text][\/vc_column][\/vc_row][vc_row css=\u00bb.vc_custom_1669857885412{padding-top: 30px !important;padding-bottom: 30px !important;}\u00bb][vc_column][vc_custom_heading text=\u00bbNUESTRA MISI\u00d3N\u00bb font_container=\u00bbtag:h3|font_size:18px|text_align:center|line_height:150%25&#8243; use_theme_fonts=\u00bbyes\u00bb el_class=\u00bbunique-letter-spacing\u00bb][vc_empty_space height=\u00bb30&#8243;][vc_column_text]Linguarte busca ense\u00f1arte los idiomas de la forma m\u00e1s sencilla y efectiva. Ense\u00f1arte a hablar es nuestra pasi\u00f3n, no nuestro trabajo. Aprender una lengua no tiene que ser una experiencia traum\u00e1tica.[\/vc_column_text][\/vc_column][\/vc_row][vc_row css=\u00bb.vc_custom_1669857908006{padding-top: 30px !important;padding-bottom: 30px !important;}\u00bb][vc_column][vc_custom_heading text=\u00bbNUESTROS PILARES\u00bb font_container=\u00bbtag:h3|font_size:18px|text_align:center|line_height:150%25&#8243; use_theme_fonts=\u00bbyes\u00bb el_class=\u00bbunique-letter-spacing\u00bb][vc_empty_space height=\u00bb30&#8243;][vc_column_text]Te garantizamos el aprendizaje porque te ofrecemos experiencias aut\u00e9nticas basadas en tres pilares:[\/vc_column_text][\/vc_column][\/vc_row][vc_row bg_type=\u00bbbg_color\u00bb bg_override=\u00bbex-full\u00bb bg_color_value=\u00bb#ffffff\u00bb css=\u00bb.vc_custom_1669857921848{padding-top: 30px !important;padding-bottom: 30px !important;}\u00bb][vc_column width=\u00bb1\/3&#8243; css=\u00bb.vc_custom_1493745432476{padding-left: 30px !important;}\u00bb][vc_single_image image=\u00bb10777&#8243; img_size=\u00bbfull\u00bb alignment=\u00bbcenter\u00bb][\/vc_column][vc_column width=\u00bb2\/3&#8243; css=\u00bb.vc_custom_1493745628944{padding-right: 30px !important;}\u00bb][vc_column_text]<strong><em>Conversaci\u00f3n<\/em><\/strong><\/p>\n<p>Nuestro libro te ense\u00f1a a hablar en los contextos reales que necesitas para comunicar.<\/p>\n<p><strong><em>Atenci\u00f3n personalizada<\/em><\/strong><\/p>\n<p>T\u00fa eres \u00fanico y aprendes de forma \u00fanica, por esto el m\u00e9todo debe amoldarse a ti, no a la inversa.<\/p>\n<p><strong><em>Motivaci\u00f3n<\/em><\/strong><\/p>\n<p>Nuestro personal tiene un \u00fanico objetivo: crear el mejor ambiente para que t\u00fa hables lo m\u00e1s r\u00e1pido posible.[\/vc_column_text][\/vc_column][\/vc_row][vc_row bg_type=\u00bbbg_color\u00bb bg_override=\u00bbfull\u00bb bg_color_value=\u00bb#fafafa\u00bb css=\u00bb.vc_custom_1669859390766{padding-top: 30px !important;padding-bottom: 60px !important;}\u00bb el_id=\u00bbteam\u00bb][vc_column][vc_custom_heading text=\u00bbNUESTROS PROFESORES\u00bb font_container=\u00bbtag:h2|text_align:center|line_height:150%25&#8243; use_theme_fonts=\u00bbyes\u00bb el_class=\u00bbunique-letter-spacing\u00bb][vc_empty_space height=\u00bb30px\u00bb][vc_row_inner][vc_column_inner width=\u00bb1\/4&#8243;][\/vc_column_inner][vc_column_inner width=\u00bb1\/2&#8243;][vc_column_text]<\/p>\n<p style=\"text-align: center;\">Nuestros profesores son altamente calificados y comparten algo muy importante, una gran motivaci\u00f3n y un deseo de ense\u00f1arte a conversar y darte una experiencia cultural con la lengua.<\/p>\n<p>[\/vc_column_text][\/vc_column_inner][vc_column_inner width=\u00bb1\/4&#8243;][\/vc_column_inner][\/vc_row_inner][vc_empty_space height=\u00bb60&#8243;]<div id=\"ult-carousel-140014267669f45e05e7046\" class=\"ult-carousel-wrapper   ult_horizontal\" data-gutter=\"15\" data-rtl=\"false\" ><div class=\"ult-carousel-211459449869f45e05e6e30 \" ><div class=\"aio-icon-component    style_1\"><div id=\"Info-box-wrap-7776\" class=\"aio-icon-box top-icon\" style=\"\"  ><div class=\"aio-icon-top\"><div class=\"ult-just-icon-wrapper  \"><div class=\"align-icon\" style=\"text-align:center;\">\n<div class=\"aio-icon-img \" style=\"font-size:180px;display:inline-block;\" >\n\t<img class=\"img-icon\" alt=\"null\" src=\"https:\/\/slovak.linguarte.sk\/wp-content\/uploads\/2020\/10\/Kristina2sq.jpg\"\/>\n<\/div><\/div><\/div><\/div><div class=\"aio-icon-header\" ><h3 class=\"aio-icon-title ult-responsive\"  data-ultimate-target='#Info-box-wrap-7776 .aio-icon-title'  data-responsive-json-new='{\"font-size\":\"\",\"line-height\":\"\"}'  style=\"font-family:&#039;Raleway&#039;;font-weight:600;\">KRIST\u00cdNA<\/h3><\/div> <!-- header --><div class=\"aio-icon-description ult-responsive\"  data-ultimate-target='#Info-box-wrap-7776 .aio-icon-description'  data-responsive-json-new='{\"font-size\":\"\",\"line-height\":\"\"}'  style=\"font-family:&#039;Open Sans&#039;;\">Ella es una profesora de eslovaco con muchos a\u00f1os de experiencia. Ella cree que el profesor tiene un rol esencial dando atenci\u00f3n, pasi\u00f3n y diversi\u00f3n a los estudiantes. As\u00ed, el proceso de aprendizaje ser\u00e1 m\u00e1s r\u00e1pido y exitoso:<\/p>\n<p>\u201cAmo ense\u00f1ar porque amo mi idioma. Adem\u00e1s, me encanta y divierte ense\u00f1arlo\u201d.<\/div> <!-- description --><\/div> <!-- aio-icon-box --><\/div> <!-- aio-icon-component --><div class=\"aio-icon-component    style_1\"><div id=\"Info-box-wrap-2539\" class=\"aio-icon-box top-icon\" style=\"\"  ><div class=\"aio-icon-top\"><div class=\"ult-just-icon-wrapper  \"><div class=\"align-icon\" style=\"text-align:center;\">\n<div class=\"aio-icon-img \" style=\"font-size:180px;display:inline-block;\" >\n\t<img class=\"img-icon\" alt=\"null\" src=\"https:\/\/slovak.linguarte.sk\/wp-content\/uploads\/2022\/11\/PHOTOASIA-sq.jpg\"\/>\n<\/div><\/div><\/div><\/div><div class=\"aio-icon-header\" ><h3 class=\"aio-icon-title ult-responsive\"  data-ultimate-target='#Info-box-wrap-2539 .aio-icon-title'  data-responsive-json-new='{\"font-size\":\"\",\"line-height\":\"\"}'  style=\"font-family:&#039;Raleway&#039;;font-weight:600;color:#2e2e2e;\">\u00c1SIA<\/h3><\/div> <!-- header --><div class=\"aio-icon-description ult-responsive\"  data-ultimate-target='#Info-box-wrap-2539 .aio-icon-description'  data-responsive-json-new='{\"font-size\":\"\",\"line-height\":\"\"}'  style=\"font-family:&#039;Open Sans&#039;;\">Ella es una profesora de eslovaco con muchos a\u00f1os de experiencia. Ella cree que el profesor tiene un rol esencial dando atenci\u00f3n, pasi\u00f3n y diversi\u00f3n a los estudiantes. As\u00ed, el proceso de aprendizaje ser\u00e1 m\u00e1s r\u00e1pido y exitoso:<\/p>\n<p>\u201cAmo ense\u00f1ar porque amo mi idioma. Adem\u00e1s, me encanta y divierte ense\u00f1arlo\u201d.<\/div> <!-- description --><\/div> <!-- aio-icon-box --><\/div> <!-- aio-icon-component --><div class=\"aio-icon-component    style_1\"><div id=\"Info-box-wrap-6363\" class=\"aio-icon-box top-icon\" style=\"\"  ><div class=\"aio-icon-top\"><div class=\"ult-just-icon-wrapper  \"><div class=\"align-icon\" style=\"text-align:center;\">\n<div class=\"aio-icon-img \" style=\"font-size:180px;display:inline-block;\" >\n\t<img class=\"img-icon\" alt=\"null\" src=\"https:\/\/slovak.linguarte.sk\/wp-content\/uploads\/2022\/11\/Lubo-sq.jpg\"\/>\n<\/div><\/div><\/div><\/div><div class=\"aio-icon-header\" ><h3 class=\"aio-icon-title ult-responsive\"  data-ultimate-target='#Info-box-wrap-6363 .aio-icon-title'  data-responsive-json-new='{\"font-size\":\"\",\"line-height\":\"\"}'  style=\"font-family:&#039;Raleway&#039;;font-weight:600;color:#2e2e2e;\">\u013dUBO<\/h3><\/div> <!-- header --><div class=\"aio-icon-description ult-responsive\"  data-ultimate-target='#Info-box-wrap-6363 .aio-icon-description'  data-responsive-json-new='{\"font-size\":\"\",\"line-height\":\"\"}'  style=\"font-family:&#039;Open Sans&#039;;\">Como profesor de eslovaco por m\u00e1s de 5 a\u00f1os, siempre ha apoyado un m\u00e9todo comunicativo para ense\u00f1ar lenguas. Adem\u00e1s, le encanta hacer ejercicio y pasar tiempo con la familia:<\/p>\n<p>\u201cPara m\u00ed, ense\u00f1ar idiomas es un sue\u00f1o hecho realidad. Puedo conocer gente de todo el mundo y tengo espacio para ser creativo y autorrealizarme\u201d.<\/div> <!-- description --><\/div> <!-- aio-icon-box --><\/div> <!-- aio-icon-component --><\/div><\/div>\t\t\t<script type=\"text\/javascript\">\n\t\t\t\tjQuery(document).ready(function ($) {\n\t\t\t\t\tif( typeof jQuery('.ult-carousel-211459449869f45e05e6e30').slick == \"function\"){\n\t\t\t\t\t\t$('.ult-carousel-211459449869f45e05e6e30').slick({dots: true,autoplaySpeed: 5000,speed: 300,infinite: false,arrows: false,slidesToScroll:3,slidesToShow:3,swipe: true,draggable: true,touchMove: true,pauseOnHover: true,pauseOnFocus: false,responsive: [\n\t\t\t\t\t\t\t{\n\t\t\t\t\t\t\t  breakpoint: 1026,\n\t\t\t\t\t\t\t  settings: {\n\t\t\t\t\t\t\t\tslidesToShow: 3,\n\t\t\t\t\t\t\t\tslidesToScroll: 3,  \n\t\t\t\t\t\t\t  }\n\t\t\t\t\t\t\t},\n\t\t\t\t\t\t\t{\n\t\t\t\t\t\t\t  breakpoint: 1025,\n\t\t\t\t\t\t\t  settings: {\n\t\t\t\t\t\t\t\tslidesToShow: 3,\n\t\t\t\t\t\t\t\tslidesToScroll: 3\n\t\t\t\t\t\t\t  }\n\t\t\t\t\t\t\t},\n\t\t\t\t\t\t\t{\n\t\t\t\t\t\t\t  breakpoint: 760,\n\t\t\t\t\t\t\t  settings: {\n\t\t\t\t\t\t\t\tslidesToShow: 1,\n\t\t\t\t\t\t\t\tslidesToScroll: 1\n\t\t\t\t\t\t\t  }\n\t\t\t\t\t\t\t}\n\t\t\t\t\t\t],pauseOnDotsHover: true,customPaging: function(slider, i) {\n                   return '<i type=\"button\" style= \"color:#565656;\" class=\"ultsl-radio-unchecked\" data-role=\"none\"><\/i>';\n                },});\n\t\t\t\t\t}\n\t\t\t\t});\n\t\t\t<\/script>\n\t\t\t[\/vc_column][\/vc_row][vc_row css=\u00bb.vc_custom_1669859503590{padding-top: 30px !important;padding-bottom: 30px !important;}\u00bb el_id=\u00bbclients\u00bb][vc_column][vc_custom_heading text=\u00bbREFERENCIAS DE CLIENTES\u00bb font_container=\u00bbtag:h2|text_align:center|line_height:150%25&#8243; use_theme_fonts=\u00bbyes\u00bb el_class=\u00bbunique-letter-spacing\u00bb][vc_empty_space height=\u00bb30px\u00bb]<div id=\"testimonials-slider-1\" class=\"testimonials-style2 style-dark\"><ul class=\"slides styled-list\" style=\"max-height:750px;\" ><li class=\"testimonials-slide\"><div class=\"testimonials-slide-content container\"><div class=\"img-container\"><img title=\"Bruno Moreno\" src=\"https:\/\/slovak.linguarte.sk\/wp-content\/uploads\/2017\/08\/Bruno.jpeg\" alt=\"Bruno Moreno\"><\/div><div class=\"text-container\"><span class=\"t-author\">Bruno Moreno<\/span><span class=\"testimonials_text_content\">Hice un curso intensivo de eslovaco durante 3 semanas y obtuve muy buenos resultados y una experiencia cultural buena. Lo recomiendo para cualquiera.<\/span><\/div><\/div><\/li><li class=\"testimonials-slide\"><div class=\"testimonials-slide-content container\"><div class=\"img-container\"><img title=\"\" src=\"https:\/\/slovak.linguarte.sk\/wp-content\/uploads\/2017\/08\/client-kristina-cveckova.jpg\" alt=\"\"><\/div><div class=\"text-container\"><span class=\"t-author\"><\/span><span class=\"testimonials_text_content\">\u00a1Es verano y puedo hablar espa\u00f1ol en mis vacaciones! S\u00f3lo empec\u00e9 a tomar clases hace poco con el m\u00e9todo efectivo de Linguarte, pero puedo sentir el progreso. Y lo mejor de todo es que es divertido. Con Linguarte t\u00fa no pierdes el tiempo completando ejercicios.<\/span><\/div><\/div><\/li><li class=\"testimonials-slide\"><div class=\"testimonials-slide-content container\"><div class=\"img-container\"><img title=\"\" src=\"https:\/\/slovak.linguarte.sk\/wp-content\/uploads\/2017\/08\/Bruno.jpeg\" alt=\"\"><\/div><div class=\"text-container\"><span class=\"t-author\"><\/span><span class=\"testimonials_text_content\">Tuve que aprender espa\u00f1ol porque lo necesitaba solamente para mis ex\u00e1menes. Sin embargo, despu\u00e9s de la primera clase en Linguarte me sent\u00ed motivada y capaz de hablar a causa de su m\u00e9todo simple y despu\u00e9s de pocas semanas, pude hablar m\u00e1s que en dos a\u00f1os aprendiendo con los m\u00e9todos est\u00e1ndar. \u00a0Gracias a Linguarte ahora amo el espa\u00f1ol y quiero hablarlo todo el tiempo. Pru\u00e9balo y ver\u00e1s inmediatamente la diferencia.<\/span><\/div><\/div><\/li><\/ul><\/div>\n\t\t\t<script type=\"text\/javascript\">\n\t\t\t  jQuery(document).ready(function(){\n\t\t\t\t\tvar who = jQuery('#testimonials-slider-1 ul.slides');\n\t\t\t\t\n\t\t\t\t\tvar opts = ['slide','horizontal','yes','3500','1000','yes','yes','yes','dark'];\n\t\t\t\t\n\t\t\t\t\tif (opts[2] == 'yes') opts[2] = true; else opts[2] = false;\n\t\t\t\t\tif (opts[5] == 'yes') {\n\t\t\t\t\t\topts[5] = true;\n\t\t\t\t\t} else opts[5] = false;\n\t\t\t\t\tif (opts[6] == 'yes') {\n\t\t\t\t\t\topts[6] = true;\n\t\t\t\t\t} else opts[6] = false;\n\t\t\t\t\tif (opts[7] == 'yes') opts[7] = true; else opts[7] = false;\t\t\t\t\n\t\t\t\t\tif (opts[0] == 'fade') opts[0] = true; else opts[0] = false;\n\t\t\t\t\n\t\t\t\t\twho.slick({\n\t\t\t\t\t\tfade: opts[0],\n\t\t\t\t\t\tdots: opts[6], \n\t\t\t\t\t\tautoplay: opts[2], \n\t\t\t\t\t\tautoplaySpeed:opts[3], speed:opts[4], infinite: true,\n\t\t\t\t\t\tarrows: opts[5],\n\t\t\t\t\t\tadaptiveHeight:true,\n\t\t\t\t\t\tnextArrow:'<button type=\"button\" style=\"color:#333333; font-size:24px;\" class=\"slick-next default\"><i class=\"ultsl-arrow-right6\"><\/i><\/button>',\n\t\t\t\t\t\tprevArrow:'<button type=\"button\" style=\"color:#333333; font-size:24px;\" class=\"slick-prev default\"><i class=\"ultsl-arrow-left6\"><\/i><\/button>',\n\t\t\t\t\t\tswipe:true,\n\t\t\t\t\t\tdraggable:true,\n\t\t\t\t\t\ttouchMove:true,\n\t\t\t\t\t\tslidesToScroll: 1,\n\t\t\t\t\t\tslidesToShow: 1,\n\t\t\t\t\t\tpauseOnHover:opts[7],\n\t\t\t\t\t\tpauseOnDotsHover:opts[7],\n\t\t\t\t\t\tcustomPaging:function(slider,i){\n\t\t\t\t\t\t\treturn'<i type=\"button\" style=\"color:#333333;\" class=\"ultsl-record\" data-role=\"none\"><\/i>';\n\t\t\t\t\t\t}\n\t\t\t\t\t});\n\t\t\t\t\n\t\t\t  });\n\t\t\t  <\/script>[vc_empty_space height=\u00bb60&#8243;][vc_btn title=\u00bbM\u00c1S RESE\u00d1AS EN NUESTRA P\u00c1GINA DE FACEBOOK\u00bb style=\u00bbcustom\u00bb custom_background=\u00bb#e52812&#8243; custom_text=\u00bb#ffffff\u00bb align=\u00bbcenter\u00bb css_animation=\u00bbnone\u00bb link=\u00bburl:https%3A%2F%2Fwww.facebook.com%2Flinguartesk%2Freviews\u00bb css=\u00bb.vc_custom_1677036024868{padding-right: 10px !important;padding-left: 10px !important;}\u00bb][\/vc_column][\/vc_row][vc_row bg_type=\u00bbbg_color\u00bb bg_override=\u00bbfull\u00bb source=\u00bb\u00bb text=\u00bbNA\u0160I SLOVENSK\u00cd U\u010cITELIA\u00bb font_container=\u00bbtag:h2|font_size:25px|text_align:center|line_height:150%25&#8243; use_theme_fonts=\u00bb\u00bb google_fonts=\u00bbfont_family:Dosis%3A200%2C300%2Cregular%2C500%2C600%2C700%2C800|font_style:500%20bold%20regular%3A500%3Anormal\u00bb el_class=\u00bbunique-letter-spacing\u00bb link=\u00bb\u00bb bg_color_value=\u00bb#ededed\u00bb css=\u00bb.vc_custom_1669859579195{padding-top: 60px !important;padding-bottom: 60px !important;}\u00bb el_id=\u00bbmethod\u00bb][vc_column][vc_custom_heading text=\u00bbNUESTRO M\u00c9TODO DE ENSE\u00d1ANZA DEL ESLOVACO\u00bb font_container=\u00bbtag:h2|text_align:center|line_height:150%25&#8243; use_theme_fonts=\u00bbyes\u00bb el_class=\u00bbunique-letter-spacing\u00bb][vc_empty_space height=\u00bb30&#8243;][vc_custom_heading text=\u00bbC\u00d3MO APRENDER ESLOVACO CON NUESTRO M\u00c9TODO\u00bb font_container=\u00bbtag:h3|font_size:18px|text_align:center|line_height:150%25&#8243; use_theme_fonts=\u00bbyes\u00bb el_class=\u00bbunique-letter-spacing\u00bb][vc_empty_space height=\u00bb30&#8243;][vc_custom_heading text=\u00bbLa gram\u00e1tica es un medio para aprender, no es la meta.\u00bb font_container=\u00bbtag:div|font_size:18px|text_align:center|line_height:150%25&#8243; use_theme_fonts=\u00bbyes\u00bb el_class=\u00bbunique-letter-spacing\u00bb][vc_empty_space height=\u00bb30&#8243;][vc_column_text]Posiblemente todos nosotros hemos tenido cursos de idiomas que usaron mucha gram\u00e1tica y pr\u00e1cticas escritas interminables. Sin embargo, esta forma de aprendizaje no nos prepara para tener una conversaci\u00f3n en eslovaco en una situaci\u00f3n real.<\/p>\n<p>No nos gusta esto y por esto decidimos solucionarlo. Entonces, creamos el m\u00e9todo Linguarte bajo dos principios:<\/p>\n<p>El primero considera que comunicar es la prioridad y la gram\u00e1tica es una herramienta. Necesitamos hablar y usar la gram\u00e1tica, no enfocarse en pr\u00e1cticas escritas gramaticales.<\/p>\n<p>El segundo considera que, al comunicar, nos enfocamos en tareas espec\u00edficas que queremos cumplir. Y por esto, si queremos aprender bien, tenemos que ser capaces de hablar sobre situaciones cotidianas cercanas a nuestra vida y necesidades.<\/p>\n<p>La uni\u00f3n de ambos principios garantiza una mejora del aprendizaje y fluidez para hablar sin olvidar las otras destrezas necesarias para el aprendizaje exitoso de una lengua (escuchar, escribir y leer).<\/p>\n<p>Adem\u00e1s, nuestro m\u00e9todo estimula una participaci\u00f3n activa y cooperativa de los estudiantes en un ambiente de alta motivaci\u00f3n y confianza donde tu tiempo y esfuerzo se ver\u00e1n recompensados al hablar la lengua.[\/vc_column_text][\/vc_column][\/vc_row][vc_row bg_type=\u00bbbg_color\u00bb bg_override=\u00bbex-full\u00bb css=\u00bb.vc_custom_1669859589219{padding-top: 60px !important;padding-bottom: 60px !important;}\u00bb bg_color_value=\u00bb#ffffff\u00bb el_id=\u00bbbook\u00bb][vc_column][vc_custom_heading text=\u00bbNUESTRO LIBRO DE ENSE\u00d1ANZA DEL ESPA\u00d1OL\u00bb font_container=\u00bbtag:h2|text_align:center|line_height:150%25&#8243; use_theme_fonts=\u00bbyes\u00bb el_class=\u00bbunique-letter-spacing\u00bb][vc_empty_space height=\u00bb30&#8243;][vc_custom_heading text=\u00bbC\u00d3MO APRENDER ESPA\u00d1OL CON NUESTRO LIBRO\u00bb font_container=\u00bbtag:h3|font_size:18px|text_align:center|line_height:150%25&#8243; use_theme_fonts=\u00bbyes\u00bb el_class=\u00bbunique-letter-spacing\u00bb][vc_empty_space height=\u00bb30&#8243;][vc_custom_heading text=\u00bbEl libro es una herramienta para la conversaci\u00f3n.\u00bb font_container=\u00bbtag:div|font_size:18px|text_align:center|line_height:150%25&#8243; use_theme_fonts=\u00bbyes\u00bb el_class=\u00bbunique-letter-spacing\u00bb][vc_empty_space height=\u00bb30&#8243;][vc_row_inner][vc_column_inner width=\u00bb2\/3&#8243;][vc_column_text]Los libros de <a href=\"https:\/\/slovak.linguarte.sk\/es\/\">Linguarte<\/a> son \u00fanicos y fueron creados para responder a la necesidad de ense\u00f1ar la lengua para comunicar y usarla en contextos reales.<\/p>\n<p>Est\u00e1 comprobado que para hablar una lengua no necesitas ejercicios de gram\u00e1tica ni un enfoque en la escritura. Por el contrario, necesitas comunicar y repetir al m\u00e1ximo.<\/p>\n<p>Por esto, nuestros libros te ense\u00f1an las palabras necesarias para completar tareas de comunicaci\u00f3n. Cada lecci\u00f3n est\u00e1 dividida en peque\u00f1as escenas en diferentes sitios con las cuales practicas para ser capaz de repetirlas en un escenario real.<\/p>\n<p>Cada lecci\u00f3n del libro te da un grupo de las palabras m\u00e1s importantes de cada contexto (por ejemplo, en el restaurante, en el viaje) y de forma progresiva te da estructuras m\u00e1s elaboradas. Esto se complementa con la clase activa donde el profesor apoya la conversaci\u00f3n de cada estudiante en esas estructuras para que r\u00e1pidamente las puedes aprender.<\/p>\n<p>La gram\u00e1tica y las estructuras se aprenden practicando con ellas y jugando sin necesidad de ejercicios interminables.<\/p>\n<p>El libro completo <a href=\"https:\/\/en.wikipedia.org\/wiki\/Category:Spanish_people_of_Slovak_descent\">Linguarte <\/a>est\u00e1 dividido en tres partes, cada una contiene lecciones de temas actuales y cubre el vocabulario que los hablantes nativos usan en la vida real.[\/vc_column_text][\/vc_column_inner][vc_column_inner width=\u00bb1\/3&#8243;][vc_single_image image=\u00bb10777&#8243; img_size=\u00bbfull\u00bb alignment=\u00bbcenter\u00bb][\/vc_column_inner][\/vc_row_inner][\/vc_column][\/vc_row][vc_row el_id=\u00bbevents\u00bb][vc_column][vc_custom_heading text=\u00bbNUESTROS EVENTOS\u00bb font_container=\u00bbtag:h2|text_align:center|line_height:150%25&#8243; use_theme_fonts=\u00bbyes\u00bb el_class=\u00bbunique-letter-spacing\u00bb][vc_empty_space height=\u00bb30&#8243;][vc_column_text]Aprender una lengua es para hablar, conectar con otras personas y culturas.<\/p>\n<p>Por esto, Linguarte ha creado actividades donde puedes practicar lo que aprendes y tambi\u00e9n puedes conocer a otras personas y experimentar cosas nuevas.[\/vc_column_text][vc_empty_space height=\u00bb30&#8243;][\/vc_column][\/vc_row][vc_row][vc_column width=\u00bb1\/3&#8243;][vc_column_text css=\u00bb.vc_custom_1677035944378{padding-bottom: 15px !important;}\u00bb]<\/p>\n<ul>\n<li>Clases en diferentes sitios<\/li>\n<li>Tour de la ciudad en eslovaco\/ingl\u00e9s<\/li>\n<li>Intercambio de lenguas<\/li>\n<li>Clases de cocina y de baile<\/li>\n<li>Curiosidades culturales<\/li>\n<\/ul>\n<p>[\/vc_column_text][\/vc_column][vc_column width=\u00bb2\/3&#8243;][vc_media_grid grid_id=\u00bbvc_gid:1692639219485-3b93096a-6e7d-1&#8243; include=\u00bb9821,9820&#8243;][\/vc_column][\/vc_row][vc_row][vc_column][vc_empty_space height=\u00bb30px\u00bb][vc_custom_heading text=\u00bbAqu\u00ed puedes ver m\u00e1s v\u00eddeos de nuestras actividades y m\u00e1s curiosidades culturales:\u00bb font_container=\u00bbtag:div|font_size:18px|text_align:center|line_height:150%25&#8243; use_theme_fonts=\u00bbyes\u00bb el_class=\u00bbunique-letter-spacing\u00bb][vc_empty_space height=\u00bb30px\u00bb][vc_row_inner][vc_column_inner width=\u00bb1\/2&#8243;][vc_icon icon_fontawesome=\u00bbfa fa-youtube-play\u00bb color=\u00bbjuicy_pink\u00bb size=\u00bbxl\u00bb align=\u00bbcenter\u00bb link=\u00bburl:https%3A%2F%2Fwww.youtube.com%2Fchannel%2FUCGMtCzls8WhmFQl16-jmDYg|||\u00bb]<span id=\"creative-link-wrap-8867\" class=\"ult_main_cl ult-adjust-bottom-margin  \" >\n\t \t\t\t<span class=\"ult_cl_link_1  ult_crlink\" >\n\t\t\t\t\t<a  data-ultimate-target='#creative-link-wrap-8867 .ult_colorlink'  data-responsive-json-new='{\"font-size\":\"\",\"line-height\":\"\"}'  href=\"https:\/\/www.youtube.com\/channel\/UCGMtCzls8WhmFQl16-jmDYg\"  class=\"ult_colorlink ult-responsive \" style=\"font-weight:normal;color:__USE_THEME_MAIN_COLOR__; \"  data-textcolor=\"__USE_THEME_MAIN_COLOR__\" data-texthover=\"__USE_THEME_MAIN_COLOR__\"data-style=\"Style_1\">\n\t\t\t\t\t\t\n\t\t\t\t\t\t<span data-hover=\"Youtube\" style=\"color:__USE_THEME_MAIN_COLOR__;;;\" class=\"ult_btn10_span   \">Youtube<\/span>\n\t\t\t\t\t\t\n\t\t\t\t\t<\/a>\n\t\t\t\t<\/span>\n\t\t\t<\/span>[\/vc_column_inner][vc_column_inner width=\u00bb1\/2&#8243;][vc_icon icon_fontawesome=\u00bbfa fa-instagram\u00bb color=\u00bbsandy_brown\u00bb size=\u00bbxl\u00bb align=\u00bbcenter\u00bb link=\u00bburl:https%3A%2F%2Fwww.instagram.com%2Flinguarte%2F|||\u00bb]<span id=\"creative-link-wrap-8167\" class=\"ult_main_cl ult-adjust-bottom-margin  \" >\n\t \t\t\t<span class=\"ult_cl_link_1  ult_crlink\" >\n\t\t\t\t\t<a  data-ultimate-target='#creative-link-wrap-8167 .ult_colorlink'  data-responsive-json-new='{\"font-size\":\"\",\"line-height\":\"\"}'  href=\"https:\/\/www.instagram.com\/linguarte\/\"  class=\"ult_colorlink ult-responsive \" style=\"font-weight:normal;color:__USE_THEME_MAIN_COLOR__; \"  data-textcolor=\"__USE_THEME_MAIN_COLOR__\" data-texthover=\"__USE_THEME_MAIN_COLOR__\"data-style=\"Style_1\">\n\t\t\t\t\t\t\n\t\t\t\t\t\t<span data-hover=\"Instagram\" style=\"color:__USE_THEME_MAIN_COLOR__;;;\" class=\"ult_btn10_span   \">Instagram<\/span>\n\t\t\t\t\t\t\n\t\t\t\t\t<\/a>\n\t\t\t\t<\/span>\n\t\t\t<\/span>[\/vc_column_inner][\/vc_row_inner][\/vc_column][\/vc_row]<\/p>\n","protected":false},"excerpt":{"rendered":"<p>[vc_row css=\u00bb.vc_custom_1669859551993{padding-top: 60px !important;padding-bottom: 30px !important;}\u00bb el_id=\u00bbabout\u00bb][vc_column][vc_custom_heading text=\u00bbSOBRE NUESTRA ESCUELA LINGUARTE\u00bb font_container=\u00bbtag:h2|text_align:center|line_height:150%25&#8243; use_theme_fonts=\u00bbyes\u00bb el_class=\u00bbunique-letter-spacing\u00bb][vc_empty_space height=\u00bb30&#8243;][vc_custom_heading text=\u00bbNUESTRA HISTORIA\u00bb font_container=\u00bbtag:h3|font_size:18|text_align:center|line_height:150%25&#8243; use_theme_fonts=\u00bbyes\u00bb el_class=\u00bbunique-letter-spacing\u00bb][vc_empty_space height=\u00bb30&#8243;][vc_column_text]La escuela Linguarte se cre\u00f3 hace siete a\u00f1os con una idea muy b\u00e1sica: Cambiar la forma tradicional de ense\u00f1ar las lenguas y ense\u00f1ar la lengua para usarla en conversaciones de la vida real. Y en [&hellip;]<\/p>\n","protected":false},"author":1,"featured_media":10195,"parent":0,"menu_order":0,"comment_status":"closed","ping_status":"closed","template":"page.php","meta":{"footnotes":""},"_links":{"self":[{"href":"https:\/\/slovak.linguarte.sk\/es\/wp-json\/wp\/v2\/pages\/9855"}],"collection":[{"href":"https:\/\/slovak.linguarte.sk\/es\/wp-json\/wp\/v2\/pages"}],"about":[{"href":"https:\/\/slovak.linguarte.sk\/es\/wp-json\/wp\/v2\/types\/page"}],"author":[{"embeddable":true,"href":"https:\/\/slovak.linguarte.sk\/es\/wp-json\/wp\/v2\/users\/1"}],"replies":[{"embeddable":true,"href":"https:\/\/slovak.linguarte.sk\/es\/wp-json\/wp\/v2\/comments?post=9855"}],"version-history":[{"count":0,"href":"https:\/\/slovak.linguarte.sk\/es\/wp-json\/wp\/v2\/pages\/9855\/revisions"}],"wp:featuredmedia":[{"embeddable":true,"href":"https:\/\/slovak.linguarte.sk\/es\/wp-json\/wp\/v2\/media\/10195"}],"wp:attachment":[{"href":"https:\/\/slovak.linguarte.sk\/es\/wp-json\/wp\/v2\/media?parent=9855"}],"curies":[{"name":"wp","href":"https:\/\/api.w.org\/{rel}","templated":true}]}}